{"id":742,"date":"2017-07-31T11:28:46","date_gmt":"2017-07-31T10:28:46","guid":{"rendered":"http:\/\/iglesies.cat\/cambra\/fes-te-soci\/"},"modified":"2026-01-16T09:36:15","modified_gmt":"2026-01-16T08:36:15","slug":"hazte-socio","status":"publish","type":"page","link":"https:\/\/www.cambrapropietatgirona.com\/es\/hazte-socio\/","title":{"rendered":"Hazte socio"},"content":{"rendered":"<h1><strong>Hazte socio, ahorrar\u00e1s tiempo y dinero<\/strong><\/h1>\n<p>Un servicio integral y profesional, la mejor ventaja<\/p>\n<p class=\"p1\"><span class=\"s1\">La Cambra de la Propietat Urbana de Girona ofrece numerosas ventajas a los propietarios que son socios. La mejor de todas : disponer de un servicio inmobiliario integral. Tenemos una respuesta para cada pregunta y una soluci\u00f3n para cada problema.\u00a0\u00a0<\/span><\/p>\n<p>La Cambra de la Propietat Urbana es una entidad asociativa, sin \u00e1nimo de lucro, regulada y tutelada por la Generalitat de Catalunya, que ejerce la representaci\u00f3n y defensa de los intereses de los propietarios de inmuebles.<\/p>\n<p>Para ser socio de la Cambra tan solo\u00a0se requiere ser titular de un bien inmueble y abonar una peque\u00f1a cuota anual.<\/p>\n<p><strong>CUOTA DE 56\u20ac AL A\u00d1O + QUOTA UNICA DE ENTRADA DE 56\u20ac<\/strong><\/p>\n<p>Las Comunidades de Propietarios tambi\u00e9n pueden disfrutar de las ventajas de ser socio de la C\u00e1mara, y tener asesoramiento gratuito por parte de los profesionales Abogados, Arquitectos, Arquitectos t\u00e9cnicos , Administradores y plantear las consultas tanto de \u00e1mbito jur\u00eddico como t\u00e9cnico o de gesti\u00f3n que afecten a su comunidad.<\/p>\n<p>La cuota anual da\u00a0derecho al Presidente o representante de la Comunidad a formular cu\u00e1ntas consultas sean precisas o a pedir\u00a0la prestaci\u00f3n de los servicios que la C\u00e1mara tiene establecidos acogi\u00e9ndose\u00a0a los precios especiales establecidos para los socios.<\/p>\n<p>Las cuotas de socio para comunidades est\u00e1n en funci\u00f3n del n\u00famero de viviendas, pongase en contacto con la C\u00e1mara y le informaremos.<\/p>\n<p>La Cambra de la Propietat Urbana es una entidad asociativa, sin \u00e1nimo de lucro &#8211; regulada y tutelada por la Generalitat de Catalunya &#8211; que ejerce la representaci\u00f3n de los propietarios de inmuebles.<\/p>\n<p>&nbsp;<\/p>\n<p class=\"p1\"><img loading=\"lazy\" decoding=\"async\" class=\"alignnone wp-image-499\" src=\"http:\/\/www.cambrapropietatgirona.com\/wp-content\/uploads\/2017\/07\/feste-soci-1.png\" alt=\"\" width=\"500\" height=\"359\" srcset=\"https:\/\/www.cambrapropietatgirona.com\/wp-content\/uploads\/2017\/07\/feste-soci-1.png 600w, https:\/\/www.cambrapropietatgirona.com\/wp-content\/uploads\/2017\/07\/feste-soci-1-300x216.png 300w\" sizes=\"auto, (max-width: 500px) 100vw, 500px\" \/><\/p>\n<p><span style=\"color: #ff0000;\"><strong><em>Con la Cambra ahorrar\u00e1 tiempo y dinero<\/em><\/strong><\/span><\/p>\n<p><em>\u201cPregunte. Nosotros respondemos, asesoramos, solucionamos<\/em><\/p>\n<p><em>\u00a0<\/em><\/p>\n","protected":false},"excerpt":{"rendered":"<p>Hazte socio, ahorrar\u00e1s tiempo y dinero Un servicio integral y profesional, la mejor ventaja La Cambra de la Propietat Urbana de Girona ofrece numerosas ventajas a los propietarios que son socios. La mejor de todas : disponer de un servicio inmobiliario integral. Tenemos una respuesta para cada pregunta y una soluci\u00f3n para cada problema.\u00a0\u00a0 La [&hellip;]<\/p>\n","protected":false},"author":1,"featured_media":6141,"parent":0,"menu_order":0,"comment_status":"closed","ping_status":"closed","template":"page-soci.php","meta":{"_acf_changed":false,"inline_featured_image":false,"disable_featured_image":false,"footnotes":""},"class_list":["post-742","page","type-page","status-publish","has-post-thumbnail","hentry"],"acf":[],"yoast_head":"<!-- This site is optimized with the Yoast SEO plugin v27.3 - https:\/\/yoast.com\/product\/yoast-seo-wordpress\/ -->\n<title>Hazte socio de la Cambra de la Propietat Urbana de Girona - Cambra de la Propietat Urbana de Girona<\/title>\n<meta name=\"description\" content=\"Ofrecemos servicio inmobiliario integral y numerosas ventajas a los propietarios y las comunidades que son socias\" \/>\n<meta name=\"robots\" content=\"index, follow, max-snippet:-1, max-image-preview:large, max-video-preview:-1\" \/>\n<link rel=\"canonical\" href=\"https:\/\/www.cambrapropietatgirona.com\/es\/hazte-socio\/\" \/>\n<meta property=\"og:locale\" content=\"es_ES\" \/>\n<meta property=\"og:type\" content=\"article\" \/>\n<meta property=\"og:title\" content=\"Hazte socio de la Cambra de la Propietat Urbana de Girona - Cambra de la Propietat Urbana de Girona\" \/>\n<meta property=\"og:description\" content=\"Ofrecemos servicio inmobiliario integral y numerosas ventajas a los propietarios y las comunidades que son socias\" \/>\n<meta property=\"og:url\" content=\"https:\/\/www.cambrapropietatgirona.com\/es\/hazte-socio\/\" \/>\n<meta property=\"og:site_name\" content=\"Cambra de la Propietat Urbana de Girona\" \/>\n<meta property=\"article:modified_time\" content=\"2026-01-16T08:36:15+00:00\" \/>\n<meta property=\"og:image\" content=\"http:\/\/www.cambrapropietatgirona.com\/wp-content\/uploads\/2026\/01\/cambra_Mesa-de-trabajo-1.jpg\" \/>\n\t<meta property=\"og:image:width\" content=\"500\" \/>\n\t<meta property=\"og:image:height\" content=\"500\" \/>\n\t<meta property=\"og:image:type\" content=\"image\/jpeg\" \/>\n<meta name=\"twitter:card\" content=\"summary_large_image\" \/>\n<meta name=\"twitter:label1\" content=\"Est. reading time\" \/>\n\t<meta name=\"twitter:data1\" content=\"2 minutes\" \/>\n<script type=\"application\/ld+json\" class=\"yoast-schema-graph\">{\"@context\":\"https:\\\/\\\/schema.org\",\"@graph\":[{\"@type\":\"WebPage\",\"@id\":\"https:\\\/\\\/www.cambrapropietatgirona.com\\\/es\\\/hazte-socio\\\/\",\"url\":\"https:\\\/\\\/www.cambrapropietatgirona.com\\\/es\\\/hazte-socio\\\/\",\"name\":\"Hazte socio de la Cambra de la Propietat Urbana de Girona - Cambra de la Propietat Urbana de Girona\",\"isPartOf\":{\"@id\":\"https:\\\/\\\/www.cambrapropietatgirona.com\\\/#website\"},\"primaryImageOfPage\":{\"@id\":\"https:\\\/\\\/www.cambrapropietatgirona.com\\\/es\\\/hazte-socio\\\/#primaryimage\"},\"image\":{\"@id\":\"https:\\\/\\\/www.cambrapropietatgirona.com\\\/es\\\/hazte-socio\\\/#primaryimage\"},\"thumbnailUrl\":\"https:\\\/\\\/www.cambrapropietatgirona.com\\\/wp-content\\\/uploads\\\/2026\\\/01\\\/cambra_Mesa-de-trabajo-1.jpg\",\"datePublished\":\"2017-07-31T10:28:46+00:00\",\"dateModified\":\"2026-01-16T08:36:15+00:00\",\"description\":\"Ofrecemos servicio inmobiliario integral y numerosas ventajas a los propietarios y las comunidades que son socias\",\"breadcrumb\":{\"@id\":\"https:\\\/\\\/www.cambrapropietatgirona.com\\\/es\\\/hazte-socio\\\/#breadcrumb\"},\"inLanguage\":\"es-ES\",\"potentialAction\":[{\"@type\":\"ReadAction\",\"target\":[\"https:\\\/\\\/www.cambrapropietatgirona.com\\\/es\\\/hazte-socio\\\/\"]}]},{\"@type\":\"ImageObject\",\"inLanguage\":\"es-ES\",\"@id\":\"https:\\\/\\\/www.cambrapropietatgirona.com\\\/es\\\/hazte-socio\\\/#primaryimage\",\"url\":\"https:\\\/\\\/www.cambrapropietatgirona.com\\\/wp-content\\\/uploads\\\/2026\\\/01\\\/cambra_Mesa-de-trabajo-1.jpg\",\"contentUrl\":\"https:\\\/\\\/www.cambrapropietatgirona.com\\\/wp-content\\\/uploads\\\/2026\\\/01\\\/cambra_Mesa-de-trabajo-1.jpg\",\"width\":500,\"height\":500,\"caption\":\"Fes-te soci de la Cambra de la Propietat Urbana de Girona\"},{\"@type\":\"BreadcrumbList\",\"@id\":\"https:\\\/\\\/www.cambrapropietatgirona.com\\\/es\\\/hazte-socio\\\/#breadcrumb\",\"itemListElement\":[{\"@type\":\"ListItem\",\"position\":1,\"name\":\"Inici\",\"item\":\"https:\\\/\\\/www.cambrapropietatgirona.com\\\/\"},{\"@type\":\"ListItem\",\"position\":2,\"name\":\"Hazte socio\"}]},{\"@type\":\"WebSite\",\"@id\":\"https:\\\/\\\/www.cambrapropietatgirona.com\\\/#website\",\"url\":\"https:\\\/\\\/www.cambrapropietatgirona.com\\\/\",\"name\":\"Cambra de la Propietat Urbana de Girona\",\"description\":\"Serveis immobiliaris integrals als propietaris\",\"publisher\":{\"@id\":\"https:\\\/\\\/www.cambrapropietatgirona.com\\\/#organization\"},\"potentialAction\":[{\"@type\":\"SearchAction\",\"target\":{\"@type\":\"EntryPoint\",\"urlTemplate\":\"https:\\\/\\\/www.cambrapropietatgirona.com\\\/?s={search_term_string}\"},\"query-input\":{\"@type\":\"PropertyValueSpecification\",\"valueRequired\":true,\"valueName\":\"search_term_string\"}}],\"inLanguage\":\"es-ES\"},{\"@type\":\"Organization\",\"@id\":\"https:\\\/\\\/www.cambrapropietatgirona.com\\\/#organization\",\"name\":\"Cambra de la Propietat Urbana de Girona\",\"url\":\"https:\\\/\\\/www.cambrapropietatgirona.com\\\/\",\"logo\":{\"@type\":\"ImageObject\",\"inLanguage\":\"es-ES\",\"@id\":\"https:\\\/\\\/www.cambrapropietatgirona.com\\\/#\\\/schema\\\/logo\\\/image\\\/\",\"url\":\"https:\\\/\\\/www.cambrapropietatgirona.com\\\/wp-content\\\/uploads\\\/2018\\\/01\\\/favicon.jpg\",\"contentUrl\":\"https:\\\/\\\/www.cambrapropietatgirona.com\\\/wp-content\\\/uploads\\\/2018\\\/01\\\/favicon.jpg\",\"width\":277,\"height\":269,\"caption\":\"Cambra de la Propietat Urbana de Girona\"},\"image\":{\"@id\":\"https:\\\/\\\/www.cambrapropietatgirona.com\\\/#\\\/schema\\\/logo\\\/image\\\/\"}}]}<\/script>\n<!-- \/ Yoast SEO plugin. -->","yoast_head_json":{"title":"Hazte socio de la Cambra de la Propietat Urbana de Girona - Cambra de la Propietat Urbana de Girona","description":"Ofrecemos servicio inmobiliario integral y numerosas ventajas a los propietarios y las comunidades que son socias","robots":{"index":"index","follow":"follow","max-snippet":"max-snippet:-1","max-image-preview":"max-image-preview:large","max-video-preview":"max-video-preview:-1"},"canonical":"https:\/\/www.cambrapropietatgirona.com\/es\/hazte-socio\/","og_locale":"es_ES","og_type":"article","og_title":"Hazte socio de la Cambra de la Propietat Urbana de Girona - Cambra de la Propietat Urbana de Girona","og_description":"Ofrecemos servicio inmobiliario integral y numerosas ventajas a los propietarios y las comunidades que son socias","og_url":"https:\/\/www.cambrapropietatgirona.com\/es\/hazte-socio\/","og_site_name":"Cambra de la Propietat Urbana de Girona","article_modified_time":"2026-01-16T08:36:15+00:00","og_image":[{"width":500,"height":500,"url":"http:\/\/www.cambrapropietatgirona.com\/wp-content\/uploads\/2026\/01\/cambra_Mesa-de-trabajo-1.jpg","type":"image\/jpeg"}],"twitter_card":"summary_large_image","twitter_misc":{"Est. reading time":"2 minutes"},"schema":{"@context":"https:\/\/schema.org","@graph":[{"@type":"WebPage","@id":"https:\/\/www.cambrapropietatgirona.com\/es\/hazte-socio\/","url":"https:\/\/www.cambrapropietatgirona.com\/es\/hazte-socio\/","name":"Hazte socio de la Cambra de la Propietat Urbana de Girona - Cambra de la Propietat Urbana de Girona","isPartOf":{"@id":"https:\/\/www.cambrapropietatgirona.com\/#website"},"primaryImageOfPage":{"@id":"https:\/\/www.cambrapropietatgirona.com\/es\/hazte-socio\/#primaryimage"},"image":{"@id":"https:\/\/www.cambrapropietatgirona.com\/es\/hazte-socio\/#primaryimage"},"thumbnailUrl":"https:\/\/www.cambrapropietatgirona.com\/wp-content\/uploads\/2026\/01\/cambra_Mesa-de-trabajo-1.jpg","datePublished":"2017-07-31T10:28:46+00:00","dateModified":"2026-01-16T08:36:15+00:00","description":"Ofrecemos servicio inmobiliario integral y numerosas ventajas a los propietarios y las comunidades que son socias","breadcrumb":{"@id":"https:\/\/www.cambrapropietatgirona.com\/es\/hazte-socio\/#breadcrumb"},"inLanguage":"es-ES","potentialAction":[{"@type":"ReadAction","target":["https:\/\/www.cambrapropietatgirona.com\/es\/hazte-socio\/"]}]},{"@type":"ImageObject","inLanguage":"es-ES","@id":"https:\/\/www.cambrapropietatgirona.com\/es\/hazte-socio\/#primaryimage","url":"https:\/\/www.cambrapropietatgirona.com\/wp-content\/uploads\/2026\/01\/cambra_Mesa-de-trabajo-1.jpg","contentUrl":"https:\/\/www.cambrapropietatgirona.com\/wp-content\/uploads\/2026\/01\/cambra_Mesa-de-trabajo-1.jpg","width":500,"height":500,"caption":"Fes-te soci de la Cambra de la Propietat Urbana de Girona"},{"@type":"BreadcrumbList","@id":"https:\/\/www.cambrapropietatgirona.com\/es\/hazte-socio\/#breadcrumb","itemListElement":[{"@type":"ListItem","position":1,"name":"Inici","item":"https:\/\/www.cambrapropietatgirona.com\/"},{"@type":"ListItem","position":2,"name":"Hazte socio"}]},{"@type":"WebSite","@id":"https:\/\/www.cambrapropietatgirona.com\/#website","url":"https:\/\/www.cambrapropietatgirona.com\/","name":"Cambra de la Propietat Urbana de Girona","description":"Serveis immobiliaris integrals als propietaris","publisher":{"@id":"https:\/\/www.cambrapropietatgirona.com\/#organization"},"potentialAction":[{"@type":"SearchAction","target":{"@type":"EntryPoint","urlTemplate":"https:\/\/www.cambrapropietatgirona.com\/?s={search_term_string}"},"query-input":{"@type":"PropertyValueSpecification","valueRequired":true,"valueName":"search_term_string"}}],"inLanguage":"es-ES"},{"@type":"Organization","@id":"https:\/\/www.cambrapropietatgirona.com\/#organization","name":"Cambra de la Propietat Urbana de Girona","url":"https:\/\/www.cambrapropietatgirona.com\/","logo":{"@type":"ImageObject","inLanguage":"es-ES","@id":"https:\/\/www.cambrapropietatgirona.com\/#\/schema\/logo\/image\/","url":"https:\/\/www.cambrapropietatgirona.com\/wp-content\/uploads\/2018\/01\/favicon.jpg","contentUrl":"https:\/\/www.cambrapropietatgirona.com\/wp-content\/uploads\/2018\/01\/favicon.jpg","width":277,"height":269,"caption":"Cambra de la Propietat Urbana de Girona"},"image":{"@id":"https:\/\/www.cambrapropietatgirona.com\/#\/schema\/logo\/image\/"}}]}},"_links":{"self":[{"href":"https:\/\/www.cambrapropietatgirona.com\/es\/wp-json\/wp\/v2\/pages\/742","targetHints":{"allow":["GET"]}}],"collection":[{"href":"https:\/\/www.cambrapropietatgirona.com\/es\/wp-json\/wp\/v2\/pages"}],"about":[{"href":"https:\/\/www.cambrapropietatgirona.com\/es\/wp-json\/wp\/v2\/types\/page"}],"author":[{"embeddable":true,"href":"https:\/\/www.cambrapropietatgirona.com\/es\/wp-json\/wp\/v2\/users\/1"}],"replies":[{"embeddable":true,"href":"https:\/\/www.cambrapropietatgirona.com\/es\/wp-json\/wp\/v2\/comments?post=742"}],"version-history":[{"count":15,"href":"https:\/\/www.cambrapropietatgirona.com\/es\/wp-json\/wp\/v2\/pages\/742\/revisions"}],"predecessor-version":[{"id":5735,"href":"https:\/\/www.cambrapropietatgirona.com\/es\/wp-json\/wp\/v2\/pages\/742\/revisions\/5735"}],"wp:featuredmedia":[{"embeddable":true,"href":"https:\/\/www.cambrapropietatgirona.com\/es\/wp-json\/wp\/v2\/media\/6141"}],"wp:attachment":[{"href":"https:\/\/www.cambrapropietatgirona.com\/es\/wp-json\/wp\/v2\/media?parent=742"}],"curies":[{"name":"wp","href":"https:\/\/api.w.org\/{rel}","templated":true}]}}