{"id":729,"date":"2017-07-31T11:24:24","date_gmt":"2017-07-31T10:24:24","guid":{"rendered":"http:\/\/iglesies.cat\/cambra\/fiances-itp\/"},"modified":"2026-01-16T09:08:10","modified_gmt":"2026-01-16T08:08:10","slug":"fianzas-itp","status":"publish","type":"page","link":"https:\/\/www.cambrapropietatgirona.com\/es\/fianzas-itp\/","title":{"rendered":"Fianzas \/ ITP"},"content":{"rendered":"<h1>Fianzas \/ ITP<\/h1>\n<p>En la Cambra, como entidad colaboradora del INCASOL, puede efectuar el dep\u00f3sito de las fianzas de los contratos de arrendamiento, de forma presencial, sin ning\u00fan coste ni m\u00e1s tr\u00e1mites. Tambi\u00e9n podr\u00e1 realizar\u00a0la tramitaci\u00f3n\u00a0de la devoluci\u00f3n de la fianza depositada. El importe de la fianza est\u00e1 determinado\u00a0 en el art\u00edculo 36.1 de la Ley 29\/1994, de 24 de Noviembre de arrendamientos urbanos: una mensualidad de renta en arrendamientos de vivienda y dos\u00a0mensualidades para los supuestos de arrendamiento de inmuebles para\u00a0otros usos.<\/p>\n<p>En el caso de que el contrato de arrendamiento contenga alg\u00fan aval o fianza de un tercero, este acto tambi\u00e9n est\u00e1 sujeto al Impuesto sobre Transmisiones Patrimoniales. La Cambra tambi\u00e9n le ofrece la posibilidad de liquidar el Impuesto de Transmisiones Patrimoniales correspondiente al mismo contrato de alquiler, simult\u00e1neamente al dep\u00f3sito de la fianza,\u00a0de una forma r\u00e1pida y c\u00f2moda. El precio de este\u00a0servicio es de 15 \u20ac para los socios y de 18\u20ac para los no socios (IVA inclu\u00eddo).<\/p>\n","protected":false},"excerpt":{"rendered":"<p>Fianzas \/ ITP En la Cambra, como entidad colaboradora del INCASOL, puede efectuar el dep\u00f3sito de las fianzas de los contratos de arrendamiento, de forma presencial, sin ning\u00fan coste ni m\u00e1s tr\u00e1mites. Tambi\u00e9n podr\u00e1 realizar\u00a0la tramitaci\u00f3n\u00a0de la devoluci\u00f3n de la fianza depositada. El importe de la fianza est\u00e1 determinado\u00a0 en el art\u00edculo 36.1 de la [&hellip;]<\/p>\n","protected":false},"author":1,"featured_media":6130,"parent":0,"menu_order":0,"comment_status":"closed","ping_status":"closed","template":"","meta":{"_acf_changed":false,"inline_featured_image":false,"disable_featured_image":false,"footnotes":""},"class_list":["post-729","page","type-page","status-publish","has-post-thumbnail","hentry"],"acf":[],"yoast_head":"<!-- This site is optimized with the Yoast SEO plugin v27.3 - https:\/\/yoast.com\/product\/yoast-seo-wordpress\/ -->\n<title>Fianzas \/ ITP - Cambra de la Propietat Urbana de Girona<\/title>\n<meta name=\"description\" content=\"La Cambra de la Propietat Urbana de Girona puede efectuar el dep\u00f3sito de las fianzas de los contratos de arrendamiento, sin ning\u00fan coste\" \/>\n<meta name=\"robots\" content=\"index, follow, max-snippet:-1, max-image-preview:large, max-video-preview:-1\" \/>\n<link rel=\"canonical\" href=\"https:\/\/www.cambrapropietatgirona.com\/es\/fianzas-itp\/\" \/>\n<meta property=\"og:locale\" content=\"es_ES\" \/>\n<meta property=\"og:type\" content=\"article\" \/>\n<meta property=\"og:title\" content=\"Fianzas \/ ITP - Cambra de la Propietat Urbana de Girona\" \/>\n<meta property=\"og:description\" content=\"La Cambra de la Propietat Urbana de Girona puede efectuar el dep\u00f3sito de las fianzas de los contratos de arrendamiento, sin ning\u00fan coste\" \/>\n<meta property=\"og:url\" content=\"https:\/\/www.cambrapropietatgirona.com\/es\/fianzas-itp\/\" \/>\n<meta property=\"og:site_name\" content=\"Cambra de la Propietat Urbana de Girona\" \/>\n<meta property=\"article:modified_time\" content=\"2026-01-16T08:08:10+00:00\" \/>\n<meta property=\"og:image\" content=\"http:\/\/www.cambrapropietatgirona.com\/wp-content\/uploads\/2026\/01\/ISS_17456_01237-2048x1365-1.webp\" \/>\n\t<meta property=\"og:image:width\" content=\"2048\" \/>\n\t<meta property=\"og:image:height\" content=\"1365\" \/>\n\t<meta property=\"og:image:type\" content=\"image\/webp\" \/>\n<meta name=\"twitter:card\" content=\"summary_large_image\" \/>\n<meta name=\"twitter:label1\" content=\"Est. reading time\" \/>\n\t<meta name=\"twitter:data1\" content=\"2 minutes\" \/>\n<script type=\"application\/ld+json\" class=\"yoast-schema-graph\">{\"@context\":\"https:\\\/\\\/schema.org\",\"@graph\":[{\"@type\":\"WebPage\",\"@id\":\"https:\\\/\\\/www.cambrapropietatgirona.com\\\/es\\\/fianzas-itp\\\/\",\"url\":\"https:\\\/\\\/www.cambrapropietatgirona.com\\\/es\\\/fianzas-itp\\\/\",\"name\":\"Fianzas \\\/ ITP - Cambra de la Propietat Urbana de Girona\",\"isPartOf\":{\"@id\":\"https:\\\/\\\/www.cambrapropietatgirona.com\\\/#website\"},\"primaryImageOfPage\":{\"@id\":\"https:\\\/\\\/www.cambrapropietatgirona.com\\\/es\\\/fianzas-itp\\\/#primaryimage\"},\"image\":{\"@id\":\"https:\\\/\\\/www.cambrapropietatgirona.com\\\/es\\\/fianzas-itp\\\/#primaryimage\"},\"thumbnailUrl\":\"https:\\\/\\\/www.cambrapropietatgirona.com\\\/wp-content\\\/uploads\\\/2026\\\/01\\\/ISS_17456_01237-2048x1365-1.webp\",\"datePublished\":\"2017-07-31T10:24:24+00:00\",\"dateModified\":\"2026-01-16T08:08:10+00:00\",\"description\":\"La Cambra de la Propietat Urbana de Girona puede efectuar el dep\u00f3sito de las fianzas de los contratos de arrendamiento, sin ning\u00fan coste\",\"breadcrumb\":{\"@id\":\"https:\\\/\\\/www.cambrapropietatgirona.com\\\/es\\\/fianzas-itp\\\/#breadcrumb\"},\"inLanguage\":\"es-ES\",\"potentialAction\":[{\"@type\":\"ReadAction\",\"target\":[\"https:\\\/\\\/www.cambrapropietatgirona.com\\\/es\\\/fianzas-itp\\\/\"]}]},{\"@type\":\"ImageObject\",\"inLanguage\":\"es-ES\",\"@id\":\"https:\\\/\\\/www.cambrapropietatgirona.com\\\/es\\\/fianzas-itp\\\/#primaryimage\",\"url\":\"https:\\\/\\\/www.cambrapropietatgirona.com\\\/wp-content\\\/uploads\\\/2026\\\/01\\\/ISS_17456_01237-2048x1365-1.webp\",\"contentUrl\":\"https:\\\/\\\/www.cambrapropietatgirona.com\\\/wp-content\\\/uploads\\\/2026\\\/01\\\/ISS_17456_01237-2048x1365-1.webp\",\"width\":2048,\"height\":1365,\"caption\":\"Fiances\"},{\"@type\":\"BreadcrumbList\",\"@id\":\"https:\\\/\\\/www.cambrapropietatgirona.com\\\/es\\\/fianzas-itp\\\/#breadcrumb\",\"itemListElement\":[{\"@type\":\"ListItem\",\"position\":1,\"name\":\"Inici\",\"item\":\"https:\\\/\\\/www.cambrapropietatgirona.com\\\/\"},{\"@type\":\"ListItem\",\"position\":2,\"name\":\"Fianzas \\\/ ITP\"}]},{\"@type\":\"WebSite\",\"@id\":\"https:\\\/\\\/www.cambrapropietatgirona.com\\\/#website\",\"url\":\"https:\\\/\\\/www.cambrapropietatgirona.com\\\/\",\"name\":\"Cambra de la Propietat Urbana de Girona\",\"description\":\"Serveis immobiliaris integrals als propietaris\",\"publisher\":{\"@id\":\"https:\\\/\\\/www.cambrapropietatgirona.com\\\/#organization\"},\"potentialAction\":[{\"@type\":\"SearchAction\",\"target\":{\"@type\":\"EntryPoint\",\"urlTemplate\":\"https:\\\/\\\/www.cambrapropietatgirona.com\\\/?s={search_term_string}\"},\"query-input\":{\"@type\":\"PropertyValueSpecification\",\"valueRequired\":true,\"valueName\":\"search_term_string\"}}],\"inLanguage\":\"es-ES\"},{\"@type\":\"Organization\",\"@id\":\"https:\\\/\\\/www.cambrapropietatgirona.com\\\/#organization\",\"name\":\"Cambra de la Propietat Urbana de Girona\",\"url\":\"https:\\\/\\\/www.cambrapropietatgirona.com\\\/\",\"logo\":{\"@type\":\"ImageObject\",\"inLanguage\":\"es-ES\",\"@id\":\"https:\\\/\\\/www.cambrapropietatgirona.com\\\/#\\\/schema\\\/logo\\\/image\\\/\",\"url\":\"https:\\\/\\\/www.cambrapropietatgirona.com\\\/wp-content\\\/uploads\\\/2018\\\/01\\\/favicon.jpg\",\"contentUrl\":\"https:\\\/\\\/www.cambrapropietatgirona.com\\\/wp-content\\\/uploads\\\/2018\\\/01\\\/favicon.jpg\",\"width\":277,\"height\":269,\"caption\":\"Cambra de la Propietat Urbana de Girona\"},\"image\":{\"@id\":\"https:\\\/\\\/www.cambrapropietatgirona.com\\\/#\\\/schema\\\/logo\\\/image\\\/\"}}]}<\/script>\n<!-- \/ Yoast SEO plugin. -->","yoast_head_json":{"title":"Fianzas \/ ITP - Cambra de la Propietat Urbana de Girona","description":"La Cambra de la Propietat Urbana de Girona puede efectuar el dep\u00f3sito de las fianzas de los contratos de arrendamiento, sin ning\u00fan coste","robots":{"index":"index","follow":"follow","max-snippet":"max-snippet:-1","max-image-preview":"max-image-preview:large","max-video-preview":"max-video-preview:-1"},"canonical":"https:\/\/www.cambrapropietatgirona.com\/es\/fianzas-itp\/","og_locale":"es_ES","og_type":"article","og_title":"Fianzas \/ ITP - Cambra de la Propietat Urbana de Girona","og_description":"La Cambra de la Propietat Urbana de Girona puede efectuar el dep\u00f3sito de las fianzas de los contratos de arrendamiento, sin ning\u00fan coste","og_url":"https:\/\/www.cambrapropietatgirona.com\/es\/fianzas-itp\/","og_site_name":"Cambra de la Propietat Urbana de Girona","article_modified_time":"2026-01-16T08:08:10+00:00","og_image":[{"width":2048,"height":1365,"url":"http:\/\/www.cambrapropietatgirona.com\/wp-content\/uploads\/2026\/01\/ISS_17456_01237-2048x1365-1.webp","type":"image\/webp"}],"twitter_card":"summary_large_image","twitter_misc":{"Est. reading time":"2 minutes"},"schema":{"@context":"https:\/\/schema.org","@graph":[{"@type":"WebPage","@id":"https:\/\/www.cambrapropietatgirona.com\/es\/fianzas-itp\/","url":"https:\/\/www.cambrapropietatgirona.com\/es\/fianzas-itp\/","name":"Fianzas \/ ITP - Cambra de la Propietat Urbana de Girona","isPartOf":{"@id":"https:\/\/www.cambrapropietatgirona.com\/#website"},"primaryImageOfPage":{"@id":"https:\/\/www.cambrapropietatgirona.com\/es\/fianzas-itp\/#primaryimage"},"image":{"@id":"https:\/\/www.cambrapropietatgirona.com\/es\/fianzas-itp\/#primaryimage"},"thumbnailUrl":"https:\/\/www.cambrapropietatgirona.com\/wp-content\/uploads\/2026\/01\/ISS_17456_01237-2048x1365-1.webp","datePublished":"2017-07-31T10:24:24+00:00","dateModified":"2026-01-16T08:08:10+00:00","description":"La Cambra de la Propietat Urbana de Girona puede efectuar el dep\u00f3sito de las fianzas de los contratos de arrendamiento, sin ning\u00fan coste","breadcrumb":{"@id":"https:\/\/www.cambrapropietatgirona.com\/es\/fianzas-itp\/#breadcrumb"},"inLanguage":"es-ES","potentialAction":[{"@type":"ReadAction","target":["https:\/\/www.cambrapropietatgirona.com\/es\/fianzas-itp\/"]}]},{"@type":"ImageObject","inLanguage":"es-ES","@id":"https:\/\/www.cambrapropietatgirona.com\/es\/fianzas-itp\/#primaryimage","url":"https:\/\/www.cambrapropietatgirona.com\/wp-content\/uploads\/2026\/01\/ISS_17456_01237-2048x1365-1.webp","contentUrl":"https:\/\/www.cambrapropietatgirona.com\/wp-content\/uploads\/2026\/01\/ISS_17456_01237-2048x1365-1.webp","width":2048,"height":1365,"caption":"Fiances"},{"@type":"BreadcrumbList","@id":"https:\/\/www.cambrapropietatgirona.com\/es\/fianzas-itp\/#breadcrumb","itemListElement":[{"@type":"ListItem","position":1,"name":"Inici","item":"https:\/\/www.cambrapropietatgirona.com\/"},{"@type":"ListItem","position":2,"name":"Fianzas \/ ITP"}]},{"@type":"WebSite","@id":"https:\/\/www.cambrapropietatgirona.com\/#website","url":"https:\/\/www.cambrapropietatgirona.com\/","name":"Cambra de la Propietat Urbana de Girona","description":"Serveis immobiliaris integrals als propietaris","publisher":{"@id":"https:\/\/www.cambrapropietatgirona.com\/#organization"},"potentialAction":[{"@type":"SearchAction","target":{"@type":"EntryPoint","urlTemplate":"https:\/\/www.cambrapropietatgirona.com\/?s={search_term_string}"},"query-input":{"@type":"PropertyValueSpecification","valueRequired":true,"valueName":"search_term_string"}}],"inLanguage":"es-ES"},{"@type":"Organization","@id":"https:\/\/www.cambrapropietatgirona.com\/#organization","name":"Cambra de la Propietat Urbana de Girona","url":"https:\/\/www.cambrapropietatgirona.com\/","logo":{"@type":"ImageObject","inLanguage":"es-ES","@id":"https:\/\/www.cambrapropietatgirona.com\/#\/schema\/logo\/image\/","url":"https:\/\/www.cambrapropietatgirona.com\/wp-content\/uploads\/2018\/01\/favicon.jpg","contentUrl":"https:\/\/www.cambrapropietatgirona.com\/wp-content\/uploads\/2018\/01\/favicon.jpg","width":277,"height":269,"caption":"Cambra de la Propietat Urbana de Girona"},"image":{"@id":"https:\/\/www.cambrapropietatgirona.com\/#\/schema\/logo\/image\/"}}]}},"_links":{"self":[{"href":"https:\/\/www.cambrapropietatgirona.com\/es\/wp-json\/wp\/v2\/pages\/729","targetHints":{"allow":["GET"]}}],"collection":[{"href":"https:\/\/www.cambrapropietatgirona.com\/es\/wp-json\/wp\/v2\/pages"}],"about":[{"href":"https:\/\/www.cambrapropietatgirona.com\/es\/wp-json\/wp\/v2\/types\/page"}],"author":[{"embeddable":true,"href":"https:\/\/www.cambrapropietatgirona.com\/es\/wp-json\/wp\/v2\/users\/1"}],"replies":[{"embeddable":true,"href":"https:\/\/www.cambrapropietatgirona.com\/es\/wp-json\/wp\/v2\/comments?post=729"}],"version-history":[{"count":8,"href":"https:\/\/www.cambrapropietatgirona.com\/es\/wp-json\/wp\/v2\/pages\/729\/revisions"}],"predecessor-version":[{"id":6029,"href":"https:\/\/www.cambrapropietatgirona.com\/es\/wp-json\/wp\/v2\/pages\/729\/revisions\/6029"}],"wp:featuredmedia":[{"embeddable":true,"href":"https:\/\/www.cambrapropietatgirona.com\/es\/wp-json\/wp\/v2\/media\/6130"}],"wp:attachment":[{"href":"https:\/\/www.cambrapropietatgirona.com\/es\/wp-json\/wp\/v2\/media?parent=729"}],"curies":[{"name":"wp","href":"https:\/\/api.w.org\/{rel}","templated":true}]}}