{"id":714,"date":"2017-08-01T12:36:00","date_gmt":"2017-08-01T11:36:00","guid":{"rendered":"http:\/\/iglesies.cat\/cambra\/pla-reformar-i-llogar\/"},"modified":"2026-01-16T08:59:31","modified_gmt":"2026-01-16T07:59:31","slug":"pla-reformar-y-alquilar","status":"publish","type":"page","link":"https:\/\/www.cambrapropietatgirona.com\/es\/pla-reformar-y-alquilar\/","title":{"rendered":"Reformar y alquilar"},"content":{"rendered":"<h1>Reformar y Alquilar<\/h1>\n<h2>Reformar y Alquilar es un programa de la Cambra de la Propietat Urbana de Girona que facilita al propietario la reforma, rehabilitaci\u00f3n y alquiler de su piso vac\u00edo o de un inmueble completamente deshabitado. La clave del \u00e9xito de Reformar y Alquilar es que el propietario conoce todos los costes de la reforma antes de empezarla y en qu\u00e9 plazo se producir\u00e1 el retorno de la inversi\u00f3n.<\/h2>\n<p data-start=\"494\" data-end=\"1090\"><strong>Reformar y Alquilar<\/strong> permite a los propietarios dejar en manos de t\u00e9cnicos especializados todo el proceso relacionado con la obra. Desde la Cambra nos ocupamos de la ejecuci\u00f3n del proyecto desde todos los puntos de vista: t\u00e9cnico, econ\u00f3mico y administrativo, hasta llegar finalmente al alquiler. Nuestra implicaci\u00f3n permite definir, desde un punto de vista t\u00e9cnico, con gran precisi\u00f3n y hasta el \u00faltimo detalle, la actuaci\u00f3n a ejecutar. Adem\u00e1s, conseguimos un excelente resultado est\u00e9tico, ya que realizamos una cuidada selecci\u00f3n de los materiales y somos exigentes con la calidad de los acabados.<\/p>\n<p data-start=\"1092\" data-end=\"1517\">El programa<strong> Reformar y Alquilar<\/strong> es una muy buena alternativa para los propietarios de inmuebles envejecidos o cerrados, ya que se vuelven a poner en el mercado y, adem\u00e1s, tras la reforma se revalorizan. Tambi\u00e9n lo es para aquellas personas que no pueden permitirse la compra de un piso o una casa, pero que est\u00e1n dispuestas a pagar un alquiler asequible para acceder a un inmueble que, despu\u00e9s de la reforma, est\u00e1 como nuevo.<\/p>\n<p data-start=\"1519\" data-end=\"1763\">El programa <strong>Reformar y Alquilar<\/strong> puede ejecutarse sin desembolso inicial: las obras son financiadas y el pr\u00e9stamo se devuelve con las rentas del alquiler. El mismo programa se aplica tambi\u00e9n a los supuestos en los que no se precise financiaci\u00f3n.<\/p>\n<p data-start=\"1765\" data-end=\"1823\">El plan es igualmente aplicable a viviendas de uso propio.<\/p>\n<p>&nbsp;<\/p>\n","protected":false},"excerpt":{"rendered":"<p>Reformar y Alquilar Reformar y Alquilar es un programa de la Cambra de la Propietat Urbana de Girona que facilita al propietario la reforma, rehabilitaci\u00f3n y alquiler de su piso vac\u00edo o de un inmueble completamente deshabitado. La clave del \u00e9xito de Reformar y Alquilar es que el propietario conoce todos los costes de la [&hellip;]<\/p>\n","protected":false},"author":1,"featured_media":4822,"parent":0,"menu_order":0,"comment_status":"closed","ping_status":"closed","template":"","meta":{"_acf_changed":false,"inline_featured_image":false,"disable_featured_image":false,"footnotes":""},"class_list":["post-714","page","type-page","status-publish","has-post-thumbnail","hentry"],"acf":[],"yoast_head":"<!-- This site is optimized with the Yoast SEO plugin v27.5 - https:\/\/yoast.com\/product\/yoast-seo-wordpress\/ -->\n<title>Reformar y alquilar - Cambra de la Propietat Urbana de Girona<\/title>\n<meta name=\"description\" content=\"Reformar y Alquilar es un programa de la Cambra de la Propietat Urbana de Girona que facilita al propietario la reforma.\" \/>\n<meta name=\"robots\" content=\"index, follow, max-snippet:-1, max-image-preview:large, max-video-preview:-1\" \/>\n<link rel=\"canonical\" href=\"https:\/\/www.cambrapropietatgirona.com\/es\/pla-reformar-y-alquilar\/\" \/>\n<meta property=\"og:locale\" content=\"es_ES\" \/>\n<meta property=\"og:type\" content=\"article\" \/>\n<meta property=\"og:title\" content=\"Reformar y alquilar - Cambra de la Propietat Urbana de Girona\" \/>\n<meta property=\"og:description\" content=\"Reformar y Alquilar es un programa de la Cambra de la Propietat Urbana de Girona que facilita al propietario la reforma.\" \/>\n<meta property=\"og:url\" content=\"https:\/\/www.cambrapropietatgirona.com\/es\/pla-reformar-y-alquilar\/\" \/>\n<meta property=\"og:site_name\" content=\"Cambra de la Propietat Urbana de Girona\" \/>\n<meta property=\"article:modified_time\" content=\"2026-01-16T07:59:31+00:00\" \/>\n<meta property=\"og:image\" content=\"http:\/\/www.cambrapropietatgirona.com\/wp-content\/uploads\/2024\/02\/reformar-i-llogar.jpg\" \/>\n\t<meta property=\"og:image:width\" content=\"640\" \/>\n\t<meta property=\"og:image:height\" content=\"640\" \/>\n\t<meta property=\"og:image:type\" content=\"image\/jpeg\" \/>\n<meta name=\"twitter:card\" content=\"summary_large_image\" \/>\n<meta name=\"twitter:label1\" content=\"Est. reading time\" \/>\n\t<meta name=\"twitter:data1\" content=\"2 minutes\" \/>\n<script type=\"application\/ld+json\" class=\"yoast-schema-graph\">{\"@context\":\"https:\\\/\\\/schema.org\",\"@graph\":[{\"@type\":\"WebPage\",\"@id\":\"https:\\\/\\\/www.cambrapropietatgirona.com\\\/es\\\/pla-reformar-y-alquilar\\\/\",\"url\":\"https:\\\/\\\/www.cambrapropietatgirona.com\\\/es\\\/pla-reformar-y-alquilar\\\/\",\"name\":\"Reformar y alquilar - Cambra de la Propietat Urbana de Girona\",\"isPartOf\":{\"@id\":\"https:\\\/\\\/www.cambrapropietatgirona.com\\\/#website\"},\"primaryImageOfPage\":{\"@id\":\"https:\\\/\\\/www.cambrapropietatgirona.com\\\/es\\\/pla-reformar-y-alquilar\\\/#primaryimage\"},\"image\":{\"@id\":\"https:\\\/\\\/www.cambrapropietatgirona.com\\\/es\\\/pla-reformar-y-alquilar\\\/#primaryimage\"},\"thumbnailUrl\":\"https:\\\/\\\/www.cambrapropietatgirona.com\\\/wp-content\\\/uploads\\\/2024\\\/02\\\/reformar-i-llogar.jpg\",\"datePublished\":\"2017-08-01T11:36:00+00:00\",\"dateModified\":\"2026-01-16T07:59:31+00:00\",\"description\":\"Reformar y Alquilar es un programa de la Cambra de la Propietat Urbana de Girona que facilita al propietario la reforma.\",\"breadcrumb\":{\"@id\":\"https:\\\/\\\/www.cambrapropietatgirona.com\\\/es\\\/pla-reformar-y-alquilar\\\/#breadcrumb\"},\"inLanguage\":\"es-ES\",\"potentialAction\":[{\"@type\":\"ReadAction\",\"target\":[\"https:\\\/\\\/www.cambrapropietatgirona.com\\\/es\\\/pla-reformar-y-alquilar\\\/\"]}]},{\"@type\":\"ImageObject\",\"inLanguage\":\"es-ES\",\"@id\":\"https:\\\/\\\/www.cambrapropietatgirona.com\\\/es\\\/pla-reformar-y-alquilar\\\/#primaryimage\",\"url\":\"https:\\\/\\\/www.cambrapropietatgirona.com\\\/wp-content\\\/uploads\\\/2024\\\/02\\\/reformar-i-llogar.jpg\",\"contentUrl\":\"https:\\\/\\\/www.cambrapropietatgirona.com\\\/wp-content\\\/uploads\\\/2024\\\/02\\\/reformar-i-llogar.jpg\",\"width\":640,\"height\":640,\"caption\":\"Reformar i llogar, programa de la Cambra de la Propietat Urbana de Girona\"},{\"@type\":\"BreadcrumbList\",\"@id\":\"https:\\\/\\\/www.cambrapropietatgirona.com\\\/es\\\/pla-reformar-y-alquilar\\\/#breadcrumb\",\"itemListElement\":[{\"@type\":\"ListItem\",\"position\":1,\"name\":\"Inici\",\"item\":\"https:\\\/\\\/www.cambrapropietatgirona.com\\\/\"},{\"@type\":\"ListItem\",\"position\":2,\"name\":\"Reformar y alquilar\"}]},{\"@type\":\"WebSite\",\"@id\":\"https:\\\/\\\/www.cambrapropietatgirona.com\\\/#website\",\"url\":\"https:\\\/\\\/www.cambrapropietatgirona.com\\\/\",\"name\":\"Cambra de la Propietat Urbana de Girona\",\"description\":\"Serveis immobiliaris integrals als propietaris\",\"publisher\":{\"@id\":\"https:\\\/\\\/www.cambrapropietatgirona.com\\\/#organization\"},\"potentialAction\":[{\"@type\":\"SearchAction\",\"target\":{\"@type\":\"EntryPoint\",\"urlTemplate\":\"https:\\\/\\\/www.cambrapropietatgirona.com\\\/?s={search_term_string}\"},\"query-input\":{\"@type\":\"PropertyValueSpecification\",\"valueRequired\":true,\"valueName\":\"search_term_string\"}}],\"inLanguage\":\"es-ES\"},{\"@type\":\"Organization\",\"@id\":\"https:\\\/\\\/www.cambrapropietatgirona.com\\\/#organization\",\"name\":\"Cambra de la Propietat Urbana de Girona\",\"url\":\"https:\\\/\\\/www.cambrapropietatgirona.com\\\/\",\"logo\":{\"@type\":\"ImageObject\",\"inLanguage\":\"es-ES\",\"@id\":\"https:\\\/\\\/www.cambrapropietatgirona.com\\\/#\\\/schema\\\/logo\\\/image\\\/\",\"url\":\"https:\\\/\\\/www.cambrapropietatgirona.com\\\/wp-content\\\/uploads\\\/2018\\\/01\\\/favicon.jpg\",\"contentUrl\":\"https:\\\/\\\/www.cambrapropietatgirona.com\\\/wp-content\\\/uploads\\\/2018\\\/01\\\/favicon.jpg\",\"width\":277,\"height\":269,\"caption\":\"Cambra de la Propietat Urbana de Girona\"},\"image\":{\"@id\":\"https:\\\/\\\/www.cambrapropietatgirona.com\\\/#\\\/schema\\\/logo\\\/image\\\/\"}}]}<\/script>\n<!-- \/ Yoast SEO plugin. -->","yoast_head_json":{"title":"Reformar y alquilar - Cambra de la Propietat Urbana de Girona","description":"Reformar y Alquilar es un programa de la Cambra de la Propietat Urbana de Girona que facilita al propietario la reforma.","robots":{"index":"index","follow":"follow","max-snippet":"max-snippet:-1","max-image-preview":"max-image-preview:large","max-video-preview":"max-video-preview:-1"},"canonical":"https:\/\/www.cambrapropietatgirona.com\/es\/pla-reformar-y-alquilar\/","og_locale":"es_ES","og_type":"article","og_title":"Reformar y alquilar - Cambra de la Propietat Urbana de Girona","og_description":"Reformar y Alquilar es un programa de la Cambra de la Propietat Urbana de Girona que facilita al propietario la reforma.","og_url":"https:\/\/www.cambrapropietatgirona.com\/es\/pla-reformar-y-alquilar\/","og_site_name":"Cambra de la Propietat Urbana de Girona","article_modified_time":"2026-01-16T07:59:31+00:00","og_image":[{"width":640,"height":640,"url":"http:\/\/www.cambrapropietatgirona.com\/wp-content\/uploads\/2024\/02\/reformar-i-llogar.jpg","type":"image\/jpeg"}],"twitter_card":"summary_large_image","twitter_misc":{"Est. reading time":"2 minutes"},"schema":{"@context":"https:\/\/schema.org","@graph":[{"@type":"WebPage","@id":"https:\/\/www.cambrapropietatgirona.com\/es\/pla-reformar-y-alquilar\/","url":"https:\/\/www.cambrapropietatgirona.com\/es\/pla-reformar-y-alquilar\/","name":"Reformar y alquilar - Cambra de la Propietat Urbana de Girona","isPartOf":{"@id":"https:\/\/www.cambrapropietatgirona.com\/#website"},"primaryImageOfPage":{"@id":"https:\/\/www.cambrapropietatgirona.com\/es\/pla-reformar-y-alquilar\/#primaryimage"},"image":{"@id":"https:\/\/www.cambrapropietatgirona.com\/es\/pla-reformar-y-alquilar\/#primaryimage"},"thumbnailUrl":"https:\/\/www.cambrapropietatgirona.com\/wp-content\/uploads\/2024\/02\/reformar-i-llogar.jpg","datePublished":"2017-08-01T11:36:00+00:00","dateModified":"2026-01-16T07:59:31+00:00","description":"Reformar y Alquilar es un programa de la Cambra de la Propietat Urbana de Girona que facilita al propietario la reforma.","breadcrumb":{"@id":"https:\/\/www.cambrapropietatgirona.com\/es\/pla-reformar-y-alquilar\/#breadcrumb"},"inLanguage":"es-ES","potentialAction":[{"@type":"ReadAction","target":["https:\/\/www.cambrapropietatgirona.com\/es\/pla-reformar-y-alquilar\/"]}]},{"@type":"ImageObject","inLanguage":"es-ES","@id":"https:\/\/www.cambrapropietatgirona.com\/es\/pla-reformar-y-alquilar\/#primaryimage","url":"https:\/\/www.cambrapropietatgirona.com\/wp-content\/uploads\/2024\/02\/reformar-i-llogar.jpg","contentUrl":"https:\/\/www.cambrapropietatgirona.com\/wp-content\/uploads\/2024\/02\/reformar-i-llogar.jpg","width":640,"height":640,"caption":"Reformar i llogar, programa de la Cambra de la Propietat Urbana de Girona"},{"@type":"BreadcrumbList","@id":"https:\/\/www.cambrapropietatgirona.com\/es\/pla-reformar-y-alquilar\/#breadcrumb","itemListElement":[{"@type":"ListItem","position":1,"name":"Inici","item":"https:\/\/www.cambrapropietatgirona.com\/"},{"@type":"ListItem","position":2,"name":"Reformar y alquilar"}]},{"@type":"WebSite","@id":"https:\/\/www.cambrapropietatgirona.com\/#website","url":"https:\/\/www.cambrapropietatgirona.com\/","name":"Cambra de la Propietat Urbana de Girona","description":"Serveis immobiliaris integrals als propietaris","publisher":{"@id":"https:\/\/www.cambrapropietatgirona.com\/#organization"},"potentialAction":[{"@type":"SearchAction","target":{"@type":"EntryPoint","urlTemplate":"https:\/\/www.cambrapropietatgirona.com\/?s={search_term_string}"},"query-input":{"@type":"PropertyValueSpecification","valueRequired":true,"valueName":"search_term_string"}}],"inLanguage":"es-ES"},{"@type":"Organization","@id":"https:\/\/www.cambrapropietatgirona.com\/#organization","name":"Cambra de la Propietat Urbana de Girona","url":"https:\/\/www.cambrapropietatgirona.com\/","logo":{"@type":"ImageObject","inLanguage":"es-ES","@id":"https:\/\/www.cambrapropietatgirona.com\/#\/schema\/logo\/image\/","url":"https:\/\/www.cambrapropietatgirona.com\/wp-content\/uploads\/2018\/01\/favicon.jpg","contentUrl":"https:\/\/www.cambrapropietatgirona.com\/wp-content\/uploads\/2018\/01\/favicon.jpg","width":277,"height":269,"caption":"Cambra de la Propietat Urbana de Girona"},"image":{"@id":"https:\/\/www.cambrapropietatgirona.com\/#\/schema\/logo\/image\/"}}]}},"_links":{"self":[{"href":"https:\/\/www.cambrapropietatgirona.com\/es\/wp-json\/wp\/v2\/pages\/714","targetHints":{"allow":["GET"]}}],"collection":[{"href":"https:\/\/www.cambrapropietatgirona.com\/es\/wp-json\/wp\/v2\/pages"}],"about":[{"href":"https:\/\/www.cambrapropietatgirona.com\/es\/wp-json\/wp\/v2\/types\/page"}],"author":[{"embeddable":true,"href":"https:\/\/www.cambrapropietatgirona.com\/es\/wp-json\/wp\/v2\/users\/1"}],"replies":[{"embeddable":true,"href":"https:\/\/www.cambrapropietatgirona.com\/es\/wp-json\/wp\/v2\/comments?post=714"}],"version-history":[{"count":9,"href":"https:\/\/www.cambrapropietatgirona.com\/es\/wp-json\/wp\/v2\/pages\/714\/revisions"}],"predecessor-version":[{"id":6185,"href":"https:\/\/www.cambrapropietatgirona.com\/es\/wp-json\/wp\/v2\/pages\/714\/revisions\/6185"}],"wp:featuredmedia":[{"embeddable":true,"href":"https:\/\/www.cambrapropietatgirona.com\/es\/wp-json\/wp\/v2\/media\/4822"}],"wp:attachment":[{"href":"https:\/\/www.cambrapropietatgirona.com\/es\/wp-json\/wp\/v2\/media?parent=714"}],"curies":[{"name":"wp","href":"https:\/\/api.w.org\/{rel}","templated":true}]}}