{"id":712,"date":"2017-09-22T10:24:09","date_gmt":"2017-09-22T09:24:09","guid":{"rendered":"http:\/\/iglesies.cat\/cambra\/contractes-de-lloguer\/"},"modified":"2024-03-27T13:17:35","modified_gmt":"2024-03-27T12:17:35","slug":"contractes-de-lloguer","status":"publish","type":"page","link":"https:\/\/www.cambrapropietatgirona.com\/es\/contractes-de-lloguer\/","title":{"rendered":"Te asesoramos y redactamos el contrato de alquiler de tu vivienda"},"content":{"rendered":"<h1><span style=\"color: #bf0811;\"> Te asesoramos y redactamos el contrato de alquiler de tu vivienda<\/span><\/h1>\n<h2><strong>Nos hacemos cargo de todas las gestiones vinculadas al arrendamiento de una vivienda, siguiendo la nueva legislaci\u00f3n de precios del alquiler de la vivienda que entra en vigor el 16 de marzo de 2024.<\/strong><\/h2>\n<p>&nbsp;<\/p>\n<h3><strong><span style=\"color: #bf0811;\">Solicita informaci\u00f3n sin compromiso en la sede de la Cambra m\u00e1s pr\u00f3xima<br \/>\n<\/span><\/strong><\/h3>\n<p>Girona \u2013 Sede de la Calle Ciutadans:<strong> <span style=\"color: #bf0811;\"><u><a href=\"tel:972200610\">972 20 06 10<\/a><\/u><\/span><\/strong><\/p>\n<p>Girona \u2013 Sede de la Calle Emili Grahit : <strong> <span style=\"color: #bf0811;\"><u><a href=\"tel:972416413\">972 41 64 13<\/a><\/u><\/span><\/strong><\/p>\n<p>Figueres: <strong> <span style=\"color: #bf0811;\"><u><a href=\"tel:972500821\">972 50 08 21<\/a><\/u><\/span><\/strong><\/p>\n<p>Olot: <strong> <span style=\"color: #bf0811;\"><u><a href=\"tel:972268350\">972 26 83 50<\/a><\/u><\/span><\/strong><\/p>\n<p>Palam\u00f3s: <strong> <span style=\"color: #bf0811;\"><u><a href=\"tel:872591959\">872 59 19 59<\/a><\/u><\/span><\/strong><\/p>\n<p>Sant Feliu de Gu\u00edxols: <strong> <span style=\"color: #bf0811;\"><u><a href=\"tel:972321284\">972 32 12 84<\/a><\/u><\/span><\/strong><\/p>\n<p>&nbsp;<\/p>\n<h2><strong><span style=\"color: #bf0811;\">El martes, d\u00eda 9 de abril, hemos organizado un Coloquio donde explicaremos &#8220;C\u00f3mo afecta als propietaris la nueva regulaci\u00f3n de precios de los alquileres de viviendas&#8221;<\/span><\/strong><\/h2>\n<p><strong>Fecha de la jornada<\/strong>: Martes, 9 de abril de 2024<br \/>\n<strong>Hora<\/strong>: 18:30 h<br \/>\n<strong>Lugar presencial<\/strong>: <a href=\"https:\/\/www.google.com\/maps\/place\/C%2F+Emili+Grahit,+37,+17002+Girona\/@41.9751096,2.817463,17z\/data=!3m1!4b1!4m6!3m5!1s0x12bae6d832409c4b:0x6c6727cb5170295!8m2!3d41.9751056!4d2.8200379!16s%2Fg%2F11c2hbw02p?entry=ttu\" target=\"_blank\" rel=\"noopener\">Oficina del C\/ Emili Grahit, 37 (Seu Cambra de la Propietat Urbana de Girona)<\/a><br \/>\n<strong>Asistencia telem\u00e1tica<\/strong>: Enlace Zoom: <a href=\"https:\/\/us06web.zoom.us\/j\/85329760109?pwd=_uvKI1qsEuFCDoBpe7VU4aHzVYOyVg.QMwb86XEcAJ0w3N3\" target=\"_blank\" rel=\"noopener\" data-bs-original-title=\"\" data-cke-saved-href=\"https:\/\/us06web.zoom.us\/j\/85329760109?pwd=_uvKI1qsEuFCDoBpe7VU4aHzVYOyVg.QMwb86XEcAJ0w3N3\">https:\/\/us06web.zoom.us\/j\/85329760109?pwd=_uvKI1qsEuFCDoBpe7VU4aHzVYOyVg.QMwb86XEcAJ0w3N3<\/a><\/p>\n<h3><a href=\"https:\/\/www.cambrapropietatgirona.com\/colloqui-com-afecta-als-propietaris-la-nova-regulacio-de-preus-dels-lloguers-dhabitatges\/\" target=\"_blank\" rel=\"noopener\"><strong>+ INFORMACI\u00d3N SOBRE LA JORNADA<\/strong><\/a><\/h3>\n<p><img loading=\"lazy\" decoding=\"async\" class=\"alignnone wp-image-5009\" src=\"http:\/\/www.cambrapropietatgirona.com\/wp-content\/uploads\/2024\/03\/cambra-imatge-1024x568.jpg\" alt=\"Contracte de lloguer\" width=\"619\" height=\"344\" srcset=\"https:\/\/www.cambrapropietatgirona.com\/wp-content\/uploads\/2024\/03\/cambra-imatge-1024x568.jpg 1024w, https:\/\/www.cambrapropietatgirona.com\/wp-content\/uploads\/2024\/03\/cambra-imatge-300x166.jpg 300w, https:\/\/www.cambrapropietatgirona.com\/wp-content\/uploads\/2024\/03\/cambra-imatge-768x426.jpg 768w, https:\/\/www.cambrapropietatgirona.com\/wp-content\/uploads\/2024\/03\/cambra-imatge-1536x851.jpg 1536w, https:\/\/www.cambrapropietatgirona.com\/wp-content\/uploads\/2024\/03\/cambra-imatge.jpg 1815w\" sizes=\"auto, (max-width: 619px) 100vw, 619px\" \/><\/p>\n<h4><strong><span style=\"color: #bf0811;\">\u00bfEn qu\u00e9 consiste la nueva regulaci\u00f3n de precios del alquiler de la vivienda?<\/span><\/strong><\/h4>\n<p>Entra en vigor desde el 16 de marzo de 2024 la nueva ley que afecta a la regulaci\u00f3n de precios de los alquileres de vivienda habitual, haciendo muy compleja la determinaci\u00f3n del precio y otras circunstancias.<\/p>\n<p><strong>Son muchos los factores que determinan el tipo de contrato y los precios m\u00e1ximos permitidos de acuerdo con los requisitos legales y las circunstancias y\/o intereses del propietario arrendador.\u00a0<\/strong><\/p>\n<p>Entre otros factores, hace falta saber:<\/p>\n<ul>\n<li>Si la vivienda est\u00e1 ubicada en una Zona de Vivienda Tensionada.<\/li>\n<li>Si el arrendador tiene la consideraci\u00f3n de Gran Tenedor.<\/li>\n<li>Si la vivienda ha sido arrendada los \u00faltimos 5 a\u00f1os.<\/li>\n<li>Si la vivienda es de nueva construcci\u00f3n.<\/li>\n<li>C\u00f3mo afecta la fecha del \u00faltimo contrato de arrendamiento de la vivienda.<\/li>\n<li>Cu\u00e1ndo se deben aplicar los precios del \u00cdndice de Referencia.<\/li>\n<li>Cu\u00e1ndo se debe aplicar el precio actualizado el \u00faltimo contrato.<\/li>\n<li>Cu\u00e1ndo se puede hacer un contrato temporal y c\u00f3mo.<\/li>\n<li>En qu\u00e9 circunstancias se puede incrementar el precio regulado.\n<ul>\n<li>Seg\u00fan la duraci\u00f3n del contrato.<\/li>\n<li>Para la realizaci\u00f3n de determinadas obras.<\/li>\n<\/ul>\n<\/li>\n<li>Opciones de fiscalidad con reducciones de los rendimientos netos del 90%, del 70%, del 60 % y del 50%.<\/li>\n<\/ul>\n<p><strong>Este an\u00e1lisis minucioso de los factores es necesario para sacar el mejor rendimiento econ\u00f3mico atendiendo a las circunstancias de cada propietario, <\/strong>para cumplir con las exigencias legales y para evitar den\u00fancias y sanciones contempladas en la ley de la vivienda.<\/p>\n<h3><a href=\"tel:972200610\"><strong><span style=\"color: #bf0811;\">Nosotros realizamos el an\u00e1lisis por ti.<\/span><\/strong><\/a><\/h3>\n<h3><a href=\"https:\/\/www.cambrapropietatgirona.com\/es\/que-hace-falta-saber-sobre-la-regulacion-de-los-precios-de-alquiler-en-cataluna\/\" target=\"_blank\" rel=\"noopener\"><strong>+INFORMACI\u00d3N AMPLIADA<\/strong><\/a><\/h3>\n<h4><strong><span style=\"color: #bf0811;\"> Diecis\u00e9is municipios de la provincia de Girona forman parte de las zonas de mercado residencial tensionado:<\/span><\/strong><\/h4>\n<p>Banyoles, La Bisbal d\u2019Empord\u00e0, Blanes, Figueres, Girona, Lloret de Mar, Olot, Palafrugell, Palam\u00f3s, Porqueres, Puigcerd\u00e0, Ripoll, Salt, Sant Feliu de Gu\u00edxols, Santa Coloma de Farners y Sarri\u00e0 de Ter.<\/p>\n<p><img loading=\"lazy\" decoding=\"async\" class=\"alignnone wp-image-4486 \" src=\"http:\/\/www.cambrapropietatgirona.com\/wp-content\/uploads\/2023\/07\/83958b6d-ee9a-8360-c24c-beb233e57d77.png\" alt=\"Municipis de les comarques de Girona en zones de mercat residencial tensionat\" width=\"527\" height=\"527\" srcset=\"https:\/\/www.cambrapropietatgirona.com\/wp-content\/uploads\/2023\/07\/83958b6d-ee9a-8360-c24c-beb233e57d77.png 640w, https:\/\/www.cambrapropietatgirona.com\/wp-content\/uploads\/2023\/07\/83958b6d-ee9a-8360-c24c-beb233e57d77-300x300.png 300w, https:\/\/www.cambrapropietatgirona.com\/wp-content\/uploads\/2023\/07\/83958b6d-ee9a-8360-c24c-beb233e57d77-150x150.png 150w, https:\/\/www.cambrapropietatgirona.com\/wp-content\/uploads\/2023\/07\/83958b6d-ee9a-8360-c24c-beb233e57d77-87x87.png 87w\" sizes=\"auto, (max-width: 527px) 100vw, 527px\" \/><\/p>\n<p>&nbsp;<\/p>\n<h4><strong><span style=\"color: #bf0811;\"> \u00bfQuieres alquilar una vivienda? Aspectos legales que debes tener en cuenta y servicios que prestamos desde la Cambra de la Propietat Urbana de Girona<\/span><\/strong><\/h4>\n<ul>\n<li>Una vez firmado el contrato es obligatorio dipositar la fianza al INCASOL y presentar la liquidaci\u00f3n del impuesto de Transmisiones Patrimoniales (ITPiAJD), por importe cero.<\/li>\n<li>Actualmente, los <span style=\"color: #bf0811;\"><u><a href=\"https:\/\/www.cambrapropietatgirona.com\/es\/administracion-de-fincas\/\" target=\"_blank\" rel=\"noopener\">alquileres de viviendas<\/a><\/u><\/span> que constituyen residencia habitual permanentes est\u00e1n exentos de tributaci\u00f3n.\u00a0 resid\u00e8ncia habitual permanents estan exempts de tributaci\u00f3. Estos tr\u00e1mites tambi\u00e9n los llevamos a cabo desde la Cambra.<\/li>\n<li>Para alquilar una vivienda, esta debe disponer obligatoriamente de C\u00e9dula de habitabilidad y de Certificado de Eficiencia Energ\u00e9tica. Si no dispones de estos documentos, nuestros <span style=\"color: #bf0811;\"><u><a href=\"https:\/\/www.cambrapropietatgirona.com\/es\/servicios-tecnicos-para-la-edificacion\/\" target=\"_blank\" rel=\"noopener\">Servicios T\u00e9cnicos de la Edificaci\u00f3n<\/a><\/u><\/span> te lo pueden facilitar.<\/li>\n<li>Para evitar el riesgo de impago del alquiler y los gastos propios de la reclamaci\u00f3n judicial del deshaucio, ofrecemos un<span style=\"color: #bf0811;\"><u> <a href=\"https:\/\/www.cambrapropietatgirona.com\/es\/seguros-de-alquileres-y-comunidades\/\" target=\"_blank\" rel=\"noopener\">seguro que cubre todos estos riesgos.<\/a><\/u><\/span><\/li>\n<\/ul>\n","protected":false},"excerpt":{"rendered":"<p>Te asesoramos y redactamos el contrato de alquiler de tu vivienda Nos hacemos cargo de todas las gestiones vinculadas al arrendamiento de una vivienda, siguiendo la nueva legislaci\u00f3n de precios del alquiler de la vivienda que entra en vigor el 16 de marzo de 2024. &nbsp; Solicita informaci\u00f3n sin compromiso en la sede de la [&hellip;]<\/p>\n","protected":false},"author":1,"featured_media":0,"parent":0,"menu_order":0,"comment_status":"closed","ping_status":"closed","template":"","meta":{"_acf_changed":false,"inline_featured_image":false,"disable_featured_image":false,"footnotes":""},"class_list":["post-712","page","type-page","status-publish","hentry"],"acf":[],"yoast_head":"<!-- This site is optimized with the Yoast SEO plugin v27.6 - https:\/\/yoast.com\/product\/yoast-seo-wordpress\/ -->\n<title>Te asesoramos y redactamos el contrato de alquiler de tu vivienda - Cambra de la Propietat Urbana de Girona<\/title>\n<meta name=\"robots\" content=\"index, follow, max-snippet:-1, max-image-preview:large, max-video-preview:-1\" \/>\n<link rel=\"canonical\" href=\"https:\/\/www.cambrapropietatgirona.com\/es\/contractes-de-lloguer\/\" \/>\n<meta property=\"og:locale\" content=\"es_ES\" \/>\n<meta property=\"og:type\" content=\"article\" \/>\n<meta property=\"og:title\" content=\"Te asesoramos y redactamos el contrato de alquiler de tu vivienda - Cambra de la Propietat Urbana de Girona\" \/>\n<meta property=\"og:description\" content=\"Te asesoramos y redactamos el contrato de alquiler de tu vivienda Nos hacemos cargo de todas las gestiones vinculadas al arrendamiento de una vivienda, siguiendo la nueva legislaci\u00f3n de precios del alquiler de la vivienda que entra en vigor el 16 de marzo de 2024. &nbsp; Solicita informaci\u00f3n sin compromiso en la sede de la [&hellip;]\" \/>\n<meta property=\"og:url\" content=\"https:\/\/www.cambrapropietatgirona.com\/es\/contractes-de-lloguer\/\" \/>\n<meta property=\"og:site_name\" content=\"Cambra de la Propietat Urbana de Girona\" \/>\n<meta property=\"article:modified_time\" content=\"2024-03-27T12:17:35+00:00\" \/>\n<meta property=\"og:image\" content=\"http:\/\/www.cambrapropietatgirona.com\/wp-content\/uploads\/2024\/03\/cambra-imatge-1024x568.jpg\" \/>\n<meta name=\"twitter:card\" content=\"summary_large_image\" \/>\n<meta name=\"twitter:label1\" content=\"Est. reading time\" \/>\n\t<meta name=\"twitter:data1\" content=\"4 minutes\" \/>\n<script type=\"application\/ld+json\" class=\"yoast-schema-graph\">{\"@context\":\"https:\\\/\\\/schema.org\",\"@graph\":[{\"@type\":\"WebPage\",\"@id\":\"https:\\\/\\\/www.cambrapropietatgirona.com\\\/es\\\/contractes-de-lloguer\\\/\",\"url\":\"https:\\\/\\\/www.cambrapropietatgirona.com\\\/es\\\/contractes-de-lloguer\\\/\",\"name\":\"Te asesoramos y redactamos el contrato de alquiler de tu vivienda - Cambra de la Propietat Urbana de Girona\",\"isPartOf\":{\"@id\":\"https:\\\/\\\/www.cambrapropietatgirona.com\\\/#website\"},\"primaryImageOfPage\":{\"@id\":\"https:\\\/\\\/www.cambrapropietatgirona.com\\\/es\\\/contractes-de-lloguer\\\/#primaryimage\"},\"image\":{\"@id\":\"https:\\\/\\\/www.cambrapropietatgirona.com\\\/es\\\/contractes-de-lloguer\\\/#primaryimage\"},\"thumbnailUrl\":\"http:\\\/\\\/www.cambrapropietatgirona.com\\\/wp-content\\\/uploads\\\/2024\\\/03\\\/cambra-imatge-1024x568.jpg\",\"datePublished\":\"2017-09-22T09:24:09+00:00\",\"dateModified\":\"2024-03-27T12:17:35+00:00\",\"breadcrumb\":{\"@id\":\"https:\\\/\\\/www.cambrapropietatgirona.com\\\/es\\\/contractes-de-lloguer\\\/#breadcrumb\"},\"inLanguage\":\"es-ES\",\"potentialAction\":[{\"@type\":\"ReadAction\",\"target\":[\"https:\\\/\\\/www.cambrapropietatgirona.com\\\/es\\\/contractes-de-lloguer\\\/\"]}]},{\"@type\":\"ImageObject\",\"inLanguage\":\"es-ES\",\"@id\":\"https:\\\/\\\/www.cambrapropietatgirona.com\\\/es\\\/contractes-de-lloguer\\\/#primaryimage\",\"url\":\"http:\\\/\\\/www.cambrapropietatgirona.com\\\/wp-content\\\/uploads\\\/2024\\\/03\\\/cambra-imatge-1024x568.jpg\",\"contentUrl\":\"http:\\\/\\\/www.cambrapropietatgirona.com\\\/wp-content\\\/uploads\\\/2024\\\/03\\\/cambra-imatge-1024x568.jpg\"},{\"@type\":\"BreadcrumbList\",\"@id\":\"https:\\\/\\\/www.cambrapropietatgirona.com\\\/es\\\/contractes-de-lloguer\\\/#breadcrumb\",\"itemListElement\":[{\"@type\":\"ListItem\",\"position\":1,\"name\":\"Inici\",\"item\":\"https:\\\/\\\/www.cambrapropietatgirona.com\\\/\"},{\"@type\":\"ListItem\",\"position\":2,\"name\":\"Te asesoramos y redactamos el contrato de alquiler de tu vivienda\"}]},{\"@type\":\"WebSite\",\"@id\":\"https:\\\/\\\/www.cambrapropietatgirona.com\\\/#website\",\"url\":\"https:\\\/\\\/www.cambrapropietatgirona.com\\\/\",\"name\":\"Cambra de la Propietat Urbana de Girona\",\"description\":\"Serveis immobiliaris integrals als propietaris\",\"publisher\":{\"@id\":\"https:\\\/\\\/www.cambrapropietatgirona.com\\\/#organization\"},\"potentialAction\":[{\"@type\":\"SearchAction\",\"target\":{\"@type\":\"EntryPoint\",\"urlTemplate\":\"https:\\\/\\\/www.cambrapropietatgirona.com\\\/?s={search_term_string}\"},\"query-input\":{\"@type\":\"PropertyValueSpecification\",\"valueRequired\":true,\"valueName\":\"search_term_string\"}}],\"inLanguage\":\"es-ES\"},{\"@type\":\"Organization\",\"@id\":\"https:\\\/\\\/www.cambrapropietatgirona.com\\\/#organization\",\"name\":\"Cambra de la Propietat Urbana de Girona\",\"url\":\"https:\\\/\\\/www.cambrapropietatgirona.com\\\/\",\"logo\":{\"@type\":\"ImageObject\",\"inLanguage\":\"es-ES\",\"@id\":\"https:\\\/\\\/www.cambrapropietatgirona.com\\\/#\\\/schema\\\/logo\\\/image\\\/\",\"url\":\"https:\\\/\\\/www.cambrapropietatgirona.com\\\/wp-content\\\/uploads\\\/2018\\\/01\\\/favicon.jpg\",\"contentUrl\":\"https:\\\/\\\/www.cambrapropietatgirona.com\\\/wp-content\\\/uploads\\\/2018\\\/01\\\/favicon.jpg\",\"width\":277,\"height\":269,\"caption\":\"Cambra de la Propietat Urbana de Girona\"},\"image\":{\"@id\":\"https:\\\/\\\/www.cambrapropietatgirona.com\\\/#\\\/schema\\\/logo\\\/image\\\/\"}}]}<\/script>\n<!-- \/ Yoast SEO plugin. -->","yoast_head_json":{"title":"Te asesoramos y redactamos el contrato de alquiler de tu vivienda - Cambra de la Propietat Urbana de Girona","robots":{"index":"index","follow":"follow","max-snippet":"max-snippet:-1","max-image-preview":"max-image-preview:large","max-video-preview":"max-video-preview:-1"},"canonical":"https:\/\/www.cambrapropietatgirona.com\/es\/contractes-de-lloguer\/","og_locale":"es_ES","og_type":"article","og_title":"Te asesoramos y redactamos el contrato de alquiler de tu vivienda - Cambra de la Propietat Urbana de Girona","og_description":"Te asesoramos y redactamos el contrato de alquiler de tu vivienda Nos hacemos cargo de todas las gestiones vinculadas al arrendamiento de una vivienda, siguiendo la nueva legislaci\u00f3n de precios del alquiler de la vivienda que entra en vigor el 16 de marzo de 2024. &nbsp; Solicita informaci\u00f3n sin compromiso en la sede de la [&hellip;]","og_url":"https:\/\/www.cambrapropietatgirona.com\/es\/contractes-de-lloguer\/","og_site_name":"Cambra de la Propietat Urbana de Girona","article_modified_time":"2024-03-27T12:17:35+00:00","og_image":[{"url":"http:\/\/www.cambrapropietatgirona.com\/wp-content\/uploads\/2024\/03\/cambra-imatge-1024x568.jpg","type":"","width":"","height":""}],"twitter_card":"summary_large_image","twitter_misc":{"Est. reading time":"4 minutes"},"schema":{"@context":"https:\/\/schema.org","@graph":[{"@type":"WebPage","@id":"https:\/\/www.cambrapropietatgirona.com\/es\/contractes-de-lloguer\/","url":"https:\/\/www.cambrapropietatgirona.com\/es\/contractes-de-lloguer\/","name":"Te asesoramos y redactamos el contrato de alquiler de tu vivienda - Cambra de la Propietat Urbana de Girona","isPartOf":{"@id":"https:\/\/www.cambrapropietatgirona.com\/#website"},"primaryImageOfPage":{"@id":"https:\/\/www.cambrapropietatgirona.com\/es\/contractes-de-lloguer\/#primaryimage"},"image":{"@id":"https:\/\/www.cambrapropietatgirona.com\/es\/contractes-de-lloguer\/#primaryimage"},"thumbnailUrl":"http:\/\/www.cambrapropietatgirona.com\/wp-content\/uploads\/2024\/03\/cambra-imatge-1024x568.jpg","datePublished":"2017-09-22T09:24:09+00:00","dateModified":"2024-03-27T12:17:35+00:00","breadcrumb":{"@id":"https:\/\/www.cambrapropietatgirona.com\/es\/contractes-de-lloguer\/#breadcrumb"},"inLanguage":"es-ES","potentialAction":[{"@type":"ReadAction","target":["https:\/\/www.cambrapropietatgirona.com\/es\/contractes-de-lloguer\/"]}]},{"@type":"ImageObject","inLanguage":"es-ES","@id":"https:\/\/www.cambrapropietatgirona.com\/es\/contractes-de-lloguer\/#primaryimage","url":"http:\/\/www.cambrapropietatgirona.com\/wp-content\/uploads\/2024\/03\/cambra-imatge-1024x568.jpg","contentUrl":"http:\/\/www.cambrapropietatgirona.com\/wp-content\/uploads\/2024\/03\/cambra-imatge-1024x568.jpg"},{"@type":"BreadcrumbList","@id":"https:\/\/www.cambrapropietatgirona.com\/es\/contractes-de-lloguer\/#breadcrumb","itemListElement":[{"@type":"ListItem","position":1,"name":"Inici","item":"https:\/\/www.cambrapropietatgirona.com\/"},{"@type":"ListItem","position":2,"name":"Te asesoramos y redactamos el contrato de alquiler de tu vivienda"}]},{"@type":"WebSite","@id":"https:\/\/www.cambrapropietatgirona.com\/#website","url":"https:\/\/www.cambrapropietatgirona.com\/","name":"Cambra de la Propietat Urbana de Girona","description":"Serveis immobiliaris integrals als propietaris","publisher":{"@id":"https:\/\/www.cambrapropietatgirona.com\/#organization"},"potentialAction":[{"@type":"SearchAction","target":{"@type":"EntryPoint","urlTemplate":"https:\/\/www.cambrapropietatgirona.com\/?s={search_term_string}"},"query-input":{"@type":"PropertyValueSpecification","valueRequired":true,"valueName":"search_term_string"}}],"inLanguage":"es-ES"},{"@type":"Organization","@id":"https:\/\/www.cambrapropietatgirona.com\/#organization","name":"Cambra de la Propietat Urbana de Girona","url":"https:\/\/www.cambrapropietatgirona.com\/","logo":{"@type":"ImageObject","inLanguage":"es-ES","@id":"https:\/\/www.cambrapropietatgirona.com\/#\/schema\/logo\/image\/","url":"https:\/\/www.cambrapropietatgirona.com\/wp-content\/uploads\/2018\/01\/favicon.jpg","contentUrl":"https:\/\/www.cambrapropietatgirona.com\/wp-content\/uploads\/2018\/01\/favicon.jpg","width":277,"height":269,"caption":"Cambra de la Propietat Urbana de Girona"},"image":{"@id":"https:\/\/www.cambrapropietatgirona.com\/#\/schema\/logo\/image\/"}}]}},"_links":{"self":[{"href":"https:\/\/www.cambrapropietatgirona.com\/es\/wp-json\/wp\/v2\/pages\/712","targetHints":{"allow":["GET"]}}],"collection":[{"href":"https:\/\/www.cambrapropietatgirona.com\/es\/wp-json\/wp\/v2\/pages"}],"about":[{"href":"https:\/\/www.cambrapropietatgirona.com\/es\/wp-json\/wp\/v2\/types\/page"}],"author":[{"embeddable":true,"href":"https:\/\/www.cambrapropietatgirona.com\/es\/wp-json\/wp\/v2\/users\/1"}],"replies":[{"embeddable":true,"href":"https:\/\/www.cambrapropietatgirona.com\/es\/wp-json\/wp\/v2\/comments?post=712"}],"version-history":[{"count":27,"href":"https:\/\/www.cambrapropietatgirona.com\/es\/wp-json\/wp\/v2\/pages\/712\/revisions"}],"predecessor-version":[{"id":5107,"href":"https:\/\/www.cambrapropietatgirona.com\/es\/wp-json\/wp\/v2\/pages\/712\/revisions\/5107"}],"wp:attachment":[{"href":"https:\/\/www.cambrapropietatgirona.com\/es\/wp-json\/wp\/v2\/media?parent=712"}],"curies":[{"name":"wp","href":"https:\/\/api.w.org\/{rel}","templated":true}]}}