{"id":5514,"date":"2024-11-04T12:39:19","date_gmt":"2024-11-04T11:39:19","guid":{"rendered":"https:\/\/www.cambrapropietatgirona.com\/?page_id=5514"},"modified":"2024-11-11T12:31:31","modified_gmt":"2024-11-11T11:31:31","slug":"codigo-etico-y-canal-de-denuncias","status":"publish","type":"page","link":"https:\/\/www.cambrapropietatgirona.com\/es\/codigo-etico-y-canal-de-denuncias\/","title":{"rendered":"C\u00f3digo \u00e9tico y canal de denuncias"},"content":{"rendered":"<h2><strong>C\u00f3digo \u00c9tico de la Cambra de la Propietat Urbana de Girona<\/strong><\/h2>\n<p>El C\u00f3digo \u00c9tico de la Cambra de la Propietat Urbana de Girona ha sido aprovado por la Junta de Gobierno de fecha 24 de febrero de 2021 y refleja el compromiso \u00e9tico de actuar seg\u00fan los principios y est\u00e0ndares de conducta que en \u00e9l se definen, en el desarrollo de las relaciones con nuestros empleados, con los clientes, con las administraciones p\u00fablicas, con los proveedores y con cualquier persona que forme parte de otros grupos de inter\u00e9s relacionados con nuestra actividad laboral diaria.<\/p>\n<p>Los valores corporativos se expresan a trav\u00e9s de nuestra forma de actuar. La \u00e9tica de la Cambra se reconoce en los principios fundamentales que gu\u00edan nuestro comportamiento: el cumplimiento de las leyes y normativas, la integridad, la lealtad, la honradez y el respeto a todas las personas sin ning\u00fan tipo de discriminaci\u00f3n.<\/p>\n<p>Este c\u00f3digo es de aplicaci\u00f3n a la Cambra y a aquellas sociedades vinculadas que pudiera tener, y vincula a todo su personal, independientemente del cargo y funci\u00f3n que lleven a cabo. La aplicaci\u00f3n del C\u00f3digo, total o parcial, podr\u00e1 hacerse extensiva a cualquier persona f\u00edsica y\/o jur\u00eddica relacionada con la Cambra cuando as\u00ed se establezca.<\/p>\n<p>Puede consultar el c\u00f3digo \u00e9tico de la Cambra de la Propietat Urbana de Girona en <strong><a href=\"http:\/\/www.cambrapropietatgirona.com\/wp-content\/uploads\/2022\/03\/CAMBRA-PROPIETAT-URBANA-GIRONA-Codi-E\u0300tic-20201111.pdf\">este documento PDF<\/a><\/strong><\/p>\n<h2><strong>Canal de denuncias<\/strong><\/h2>\n<p>El presente canal est\u00e1 dedicado exclusivamente para dirigir denuncias por incumplimientos legales de la organizaci\u00f3n o sus integrantes, en los t\u00e9rminos y condiciones de la Ley 2\/2023, de 20 de febrero, reguladora de la protecci\u00f3n de las personas que informen sobre infracciones normativas y de lucha contra la corrupci\u00f3n.<\/p>\n<p>Si tiene cualquier duda sobre otras cuestiones puede contactarnos a trav\u00e9s de otros canales disponibles en la p\u00e1gina web.<\/p>\n<p><strong>\u00bfQu\u00e9 se consideran incumplimientos normativos?<\/strong><\/p>\n<p>Sin \u00e1nimo excluyente ni limitativo, se consideran:<\/p>\n<ul>\n<li>Fraudes y estafas<\/li>\n<li>Blanqueo de capitales<\/li>\n<li>Evasi\u00f3n o elusi\u00f3n de impuestos<\/li>\n<li>Delitos contra la propiedad intelectual o industrial<\/li>\n<li>Competencia desleal<\/li>\n<li>Delitos contra el mercado o los consumidores<\/li>\n<li>Corrupci\u00f3n interna<\/li>\n<li>Irregularidades con la Seguridad Social o la Agencia Tributaria<\/li>\n<li>Incumplimiento de la normativa sobre protecci\u00f3n de datos<\/li>\n<li>Revelaci\u00f3n de secretos empresariales<\/li>\n<li>Malversaci\u00f3n<\/li>\n<li>Delitos contra el medio ambiente y la salud p\u00fablica<\/li>\n<li>Vulneraci\u00f3n de derechos de los trabajadores<\/li>\n<\/ul>\n<p>Algunas de las situaciones que se podr\u00edan denunciar por esta v\u00eda son:<\/p>\n<ul>\n<li>posibles conductas y comportamientos considerados ilegales con el desempe\u00f1o del trabajo,<\/li>\n<li>presunta gesti\u00f3n lucrativa de recursos de la empresa,<\/li>\n<li>situaciones de discriminaci\u00f3n o abuso sexual,<\/li>\n<li>pr\u00e1cticas de corrupci\u00f3n, robos, fraudes, etc.<\/li>\n<\/ul>\n<p><strong>\u00bfQui\u00e9n puede presentar una comunicaci\u00f3n?<\/strong><\/p>\n<p>Cualquier persona de la empresa y aquellas personas externas que est\u00e9n o hayan estado vinculadas o relacionadas a con la misma en un contexto laboral o profesional.<\/p>\n<p><strong>\u00bfC\u00f3mo puedo realizar una comunicaci\u00f3n?<\/strong><\/p>\n<p>Se puede cursar de forma verbal, escrita o presencial siguiendo los pasos indicados en el <a href=\"https:\/\/canal-etico.lant-abogados.com\/Specific\/MVistaPublica?codiClient=MDAxOTMy&amp;secure=180314.0\" target=\"_blank\" rel=\"noopener\">formulario del Canal confidencial de denuncias<\/a>. Asimismo, la comunicaci\u00f3n puede ser an\u00f3nima.<\/p>\n<p><strong>\u00bfC\u00f3mo se tramitar\u00e1 la comunicaci\u00f3n?<\/strong><\/p>\n<p>Se tramitar\u00e1 garantizando la confidencialidad y prohibici\u00f3n de represalias a la persona informante.<\/p>\n<p><strong>\u00bfQu\u00e9 principios asisten a la persona informante?<\/strong><\/p>\n<p>El sistema interno de informaci\u00f3n re\u00fane las garant\u00edas de confidencialidad, no represalias, respeto a la independencia, la protecci\u00f3n de datos, secreto de las comunicaciones y las pr\u00e1cticas correctas de seguimiento, investigaci\u00f3n y protecci\u00f3n de la persona informante.<\/p>\n<p><a href=\"https:\/\/canal-etico.lant-abogados.com\/Specific\/MVistaPublica?codiClient=MDAxOTMy&amp;secure=180314.0\" target=\"_blank\" rel=\"noopener\"><img loading=\"lazy\" decoding=\"async\" class=\"wp-image-1180 alignnone\" src=\"http:\/\/www.cambrapropietatgirona.com\/wp-content\/uploads\/2018\/01\/cropped-favicon-1-300x300.jpg\" alt=\"\" width=\"75\" height=\"75\" srcset=\"https:\/\/www.cambrapropietatgirona.com\/wp-content\/uploads\/2018\/01\/cropped-favicon-1-300x300.jpg 300w, https:\/\/www.cambrapropietatgirona.com\/wp-content\/uploads\/2018\/01\/cropped-favicon-1-150x150.jpg 150w, https:\/\/www.cambrapropietatgirona.com\/wp-content\/uploads\/2018\/01\/cropped-favicon-1-87x87.jpg 87w, https:\/\/www.cambrapropietatgirona.com\/wp-content\/uploads\/2018\/01\/cropped-favicon-1-270x270.jpg 270w, https:\/\/www.cambrapropietatgirona.com\/wp-content\/uploads\/2018\/01\/cropped-favicon-1-192x192.jpg 192w, https:\/\/www.cambrapropietatgirona.com\/wp-content\/uploads\/2018\/01\/cropped-favicon-1-180x180.jpg 180w, https:\/\/www.cambrapropietatgirona.com\/wp-content\/uploads\/2018\/01\/cropped-favicon-1-32x32.jpg 32w, https:\/\/www.cambrapropietatgirona.com\/wp-content\/uploads\/2018\/01\/cropped-favicon-1.jpg 512w\" sizes=\"auto, (max-width: 75px) 100vw, 75px\" \/><br \/>\nFormulario del Canal de Denuncias<\/a><\/p>\n","protected":false},"excerpt":{"rendered":"<p>C\u00f3digo \u00c9tico de la Cambra de la Propietat Urbana de Girona El C\u00f3digo \u00c9tico de la Cambra de la Propietat Urbana de Girona ha sido aprovado por la Junta de Gobierno de fecha 24 de febrero de 2021 y refleja el compromiso \u00e9tico de actuar seg\u00fan los principios y est\u00e0ndares de conducta que en \u00e9l [&hellip;]<\/p>\n","protected":false},"author":3,"featured_media":0,"parent":0,"menu_order":0,"comment_status":"closed","ping_status":"closed","template":"","meta":{"_acf_changed":false,"inline_featured_image":false,"disable_featured_image":false,"footnotes":""},"class_list":["post-5514","page","type-page","status-publish","hentry"],"acf":[],"yoast_head":"<!-- This site is optimized with the Yoast SEO plugin v27.4 - https:\/\/yoast.com\/product\/yoast-seo-wordpress\/ -->\n<title>C\u00f3digo \u00e9tico y canal de denuncias - Cambra de la Propietat Urbana de Girona<\/title>\n<meta name=\"robots\" content=\"index, follow, max-snippet:-1, max-image-preview:large, max-video-preview:-1\" \/>\n<link rel=\"canonical\" href=\"https:\/\/www.cambrapropietatgirona.com\/es\/codigo-etico-y-canal-de-denuncias\/\" \/>\n<meta property=\"og:locale\" content=\"es_ES\" \/>\n<meta property=\"og:type\" content=\"article\" \/>\n<meta property=\"og:title\" content=\"C\u00f3digo \u00e9tico y canal de denuncias - Cambra de la Propietat Urbana de Girona\" \/>\n<meta property=\"og:description\" content=\"C\u00f3digo \u00c9tico de la Cambra de la Propietat Urbana de Girona El C\u00f3digo \u00c9tico de la Cambra de la Propietat Urbana de Girona ha sido aprovado por la Junta de Gobierno de fecha 24 de febrero de 2021 y refleja el compromiso \u00e9tico de actuar seg\u00fan los principios y est\u00e0ndares de conducta que en \u00e9l [&hellip;]\" \/>\n<meta property=\"og:url\" content=\"https:\/\/www.cambrapropietatgirona.com\/es\/codigo-etico-y-canal-de-denuncias\/\" \/>\n<meta property=\"og:site_name\" content=\"Cambra de la Propietat Urbana de Girona\" \/>\n<meta property=\"article:modified_time\" content=\"2024-11-11T11:31:31+00:00\" \/>\n<meta property=\"og:image\" content=\"https:\/\/www.cambrapropietatgirona.com\/wp-content\/uploads\/2018\/01\/cropped-favicon-1.jpg\" \/>\n\t<meta property=\"og:image:width\" content=\"512\" \/>\n\t<meta property=\"og:image:height\" content=\"512\" \/>\n\t<meta property=\"og:image:type\" content=\"image\/jpeg\" \/>\n<meta name=\"twitter:card\" content=\"summary_large_image\" \/>\n<meta name=\"twitter:label1\" content=\"Est. reading time\" \/>\n\t<meta name=\"twitter:data1\" content=\"4 minutes\" \/>\n<script type=\"application\/ld+json\" class=\"yoast-schema-graph\">{\"@context\":\"https:\\\/\\\/schema.org\",\"@graph\":[{\"@type\":\"WebPage\",\"@id\":\"https:\\\/\\\/www.cambrapropietatgirona.com\\\/es\\\/codigo-etico-y-canal-de-denuncias\\\/\",\"url\":\"https:\\\/\\\/www.cambrapropietatgirona.com\\\/es\\\/codigo-etico-y-canal-de-denuncias\\\/\",\"name\":\"C\u00f3digo \u00e9tico y canal de denuncias - Cambra de la Propietat Urbana de Girona\",\"isPartOf\":{\"@id\":\"https:\\\/\\\/www.cambrapropietatgirona.com\\\/#website\"},\"primaryImageOfPage\":{\"@id\":\"https:\\\/\\\/www.cambrapropietatgirona.com\\\/es\\\/codigo-etico-y-canal-de-denuncias\\\/#primaryimage\"},\"image\":{\"@id\":\"https:\\\/\\\/www.cambrapropietatgirona.com\\\/es\\\/codigo-etico-y-canal-de-denuncias\\\/#primaryimage\"},\"thumbnailUrl\":\"http:\\\/\\\/www.cambrapropietatgirona.com\\\/wp-content\\\/uploads\\\/2018\\\/01\\\/cropped-favicon-1-300x300.jpg\",\"datePublished\":\"2024-11-04T11:39:19+00:00\",\"dateModified\":\"2024-11-11T11:31:31+00:00\",\"breadcrumb\":{\"@id\":\"https:\\\/\\\/www.cambrapropietatgirona.com\\\/es\\\/codigo-etico-y-canal-de-denuncias\\\/#breadcrumb\"},\"inLanguage\":\"es-ES\",\"potentialAction\":[{\"@type\":\"ReadAction\",\"target\":[\"https:\\\/\\\/www.cambrapropietatgirona.com\\\/es\\\/codigo-etico-y-canal-de-denuncias\\\/\"]}]},{\"@type\":\"ImageObject\",\"inLanguage\":\"es-ES\",\"@id\":\"https:\\\/\\\/www.cambrapropietatgirona.com\\\/es\\\/codigo-etico-y-canal-de-denuncias\\\/#primaryimage\",\"url\":\"http:\\\/\\\/www.cambrapropietatgirona.com\\\/wp-content\\\/uploads\\\/2018\\\/01\\\/cropped-favicon-1-300x300.jpg\",\"contentUrl\":\"http:\\\/\\\/www.cambrapropietatgirona.com\\\/wp-content\\\/uploads\\\/2018\\\/01\\\/cropped-favicon-1-300x300.jpg\"},{\"@type\":\"BreadcrumbList\",\"@id\":\"https:\\\/\\\/www.cambrapropietatgirona.com\\\/es\\\/codigo-etico-y-canal-de-denuncias\\\/#breadcrumb\",\"itemListElement\":[{\"@type\":\"ListItem\",\"position\":1,\"name\":\"Inici\",\"item\":\"https:\\\/\\\/www.cambrapropietatgirona.com\\\/\"},{\"@type\":\"ListItem\",\"position\":2,\"name\":\"C\u00f3digo \u00e9tico y canal de denuncias\"}]},{\"@type\":\"WebSite\",\"@id\":\"https:\\\/\\\/www.cambrapropietatgirona.com\\\/#website\",\"url\":\"https:\\\/\\\/www.cambrapropietatgirona.com\\\/\",\"name\":\"Cambra de la Propietat Urbana de Girona\",\"description\":\"Serveis immobiliaris integrals als propietaris\",\"publisher\":{\"@id\":\"https:\\\/\\\/www.cambrapropietatgirona.com\\\/#organization\"},\"potentialAction\":[{\"@type\":\"SearchAction\",\"target\":{\"@type\":\"EntryPoint\",\"urlTemplate\":\"https:\\\/\\\/www.cambrapropietatgirona.com\\\/?s={search_term_string}\"},\"query-input\":{\"@type\":\"PropertyValueSpecification\",\"valueRequired\":true,\"valueName\":\"search_term_string\"}}],\"inLanguage\":\"es-ES\"},{\"@type\":\"Organization\",\"@id\":\"https:\\\/\\\/www.cambrapropietatgirona.com\\\/#organization\",\"name\":\"Cambra de la Propietat Urbana de Girona\",\"url\":\"https:\\\/\\\/www.cambrapropietatgirona.com\\\/\",\"logo\":{\"@type\":\"ImageObject\",\"inLanguage\":\"es-ES\",\"@id\":\"https:\\\/\\\/www.cambrapropietatgirona.com\\\/#\\\/schema\\\/logo\\\/image\\\/\",\"url\":\"https:\\\/\\\/www.cambrapropietatgirona.com\\\/wp-content\\\/uploads\\\/2018\\\/01\\\/favicon.jpg\",\"contentUrl\":\"https:\\\/\\\/www.cambrapropietatgirona.com\\\/wp-content\\\/uploads\\\/2018\\\/01\\\/favicon.jpg\",\"width\":277,\"height\":269,\"caption\":\"Cambra de la Propietat Urbana de Girona\"},\"image\":{\"@id\":\"https:\\\/\\\/www.cambrapropietatgirona.com\\\/#\\\/schema\\\/logo\\\/image\\\/\"}}]}<\/script>\n<!-- \/ Yoast SEO plugin. -->","yoast_head_json":{"title":"C\u00f3digo \u00e9tico y canal de denuncias - Cambra de la Propietat Urbana de Girona","robots":{"index":"index","follow":"follow","max-snippet":"max-snippet:-1","max-image-preview":"max-image-preview:large","max-video-preview":"max-video-preview:-1"},"canonical":"https:\/\/www.cambrapropietatgirona.com\/es\/codigo-etico-y-canal-de-denuncias\/","og_locale":"es_ES","og_type":"article","og_title":"C\u00f3digo \u00e9tico y canal de denuncias - Cambra de la Propietat Urbana de Girona","og_description":"C\u00f3digo \u00c9tico de la Cambra de la Propietat Urbana de Girona El C\u00f3digo \u00c9tico de la Cambra de la Propietat Urbana de Girona ha sido aprovado por la Junta de Gobierno de fecha 24 de febrero de 2021 y refleja el compromiso \u00e9tico de actuar seg\u00fan los principios y est\u00e0ndares de conducta que en \u00e9l [&hellip;]","og_url":"https:\/\/www.cambrapropietatgirona.com\/es\/codigo-etico-y-canal-de-denuncias\/","og_site_name":"Cambra de la Propietat Urbana de Girona","article_modified_time":"2024-11-11T11:31:31+00:00","og_image":[{"width":512,"height":512,"url":"https:\/\/www.cambrapropietatgirona.com\/wp-content\/uploads\/2018\/01\/cropped-favicon-1.jpg","type":"image\/jpeg"}],"twitter_card":"summary_large_image","twitter_misc":{"Est. reading time":"4 minutes"},"schema":{"@context":"https:\/\/schema.org","@graph":[{"@type":"WebPage","@id":"https:\/\/www.cambrapropietatgirona.com\/es\/codigo-etico-y-canal-de-denuncias\/","url":"https:\/\/www.cambrapropietatgirona.com\/es\/codigo-etico-y-canal-de-denuncias\/","name":"C\u00f3digo \u00e9tico y canal de denuncias - Cambra de la Propietat Urbana de Girona","isPartOf":{"@id":"https:\/\/www.cambrapropietatgirona.com\/#website"},"primaryImageOfPage":{"@id":"https:\/\/www.cambrapropietatgirona.com\/es\/codigo-etico-y-canal-de-denuncias\/#primaryimage"},"image":{"@id":"https:\/\/www.cambrapropietatgirona.com\/es\/codigo-etico-y-canal-de-denuncias\/#primaryimage"},"thumbnailUrl":"http:\/\/www.cambrapropietatgirona.com\/wp-content\/uploads\/2018\/01\/cropped-favicon-1-300x300.jpg","datePublished":"2024-11-04T11:39:19+00:00","dateModified":"2024-11-11T11:31:31+00:00","breadcrumb":{"@id":"https:\/\/www.cambrapropietatgirona.com\/es\/codigo-etico-y-canal-de-denuncias\/#breadcrumb"},"inLanguage":"es-ES","potentialAction":[{"@type":"ReadAction","target":["https:\/\/www.cambrapropietatgirona.com\/es\/codigo-etico-y-canal-de-denuncias\/"]}]},{"@type":"ImageObject","inLanguage":"es-ES","@id":"https:\/\/www.cambrapropietatgirona.com\/es\/codigo-etico-y-canal-de-denuncias\/#primaryimage","url":"http:\/\/www.cambrapropietatgirona.com\/wp-content\/uploads\/2018\/01\/cropped-favicon-1-300x300.jpg","contentUrl":"http:\/\/www.cambrapropietatgirona.com\/wp-content\/uploads\/2018\/01\/cropped-favicon-1-300x300.jpg"},{"@type":"BreadcrumbList","@id":"https:\/\/www.cambrapropietatgirona.com\/es\/codigo-etico-y-canal-de-denuncias\/#breadcrumb","itemListElement":[{"@type":"ListItem","position":1,"name":"Inici","item":"https:\/\/www.cambrapropietatgirona.com\/"},{"@type":"ListItem","position":2,"name":"C\u00f3digo \u00e9tico y canal de denuncias"}]},{"@type":"WebSite","@id":"https:\/\/www.cambrapropietatgirona.com\/#website","url":"https:\/\/www.cambrapropietatgirona.com\/","name":"Cambra de la Propietat Urbana de Girona","description":"Serveis immobiliaris integrals als propietaris","publisher":{"@id":"https:\/\/www.cambrapropietatgirona.com\/#organization"},"potentialAction":[{"@type":"SearchAction","target":{"@type":"EntryPoint","urlTemplate":"https:\/\/www.cambrapropietatgirona.com\/?s={search_term_string}"},"query-input":{"@type":"PropertyValueSpecification","valueRequired":true,"valueName":"search_term_string"}}],"inLanguage":"es-ES"},{"@type":"Organization","@id":"https:\/\/www.cambrapropietatgirona.com\/#organization","name":"Cambra de la Propietat Urbana de Girona","url":"https:\/\/www.cambrapropietatgirona.com\/","logo":{"@type":"ImageObject","inLanguage":"es-ES","@id":"https:\/\/www.cambrapropietatgirona.com\/#\/schema\/logo\/image\/","url":"https:\/\/www.cambrapropietatgirona.com\/wp-content\/uploads\/2018\/01\/favicon.jpg","contentUrl":"https:\/\/www.cambrapropietatgirona.com\/wp-content\/uploads\/2018\/01\/favicon.jpg","width":277,"height":269,"caption":"Cambra de la Propietat Urbana de Girona"},"image":{"@id":"https:\/\/www.cambrapropietatgirona.com\/#\/schema\/logo\/image\/"}}]}},"_links":{"self":[{"href":"https:\/\/www.cambrapropietatgirona.com\/es\/wp-json\/wp\/v2\/pages\/5514","targetHints":{"allow":["GET"]}}],"collection":[{"href":"https:\/\/www.cambrapropietatgirona.com\/es\/wp-json\/wp\/v2\/pages"}],"about":[{"href":"https:\/\/www.cambrapropietatgirona.com\/es\/wp-json\/wp\/v2\/types\/page"}],"author":[{"embeddable":true,"href":"https:\/\/www.cambrapropietatgirona.com\/es\/wp-json\/wp\/v2\/users\/3"}],"replies":[{"embeddable":true,"href":"https:\/\/www.cambrapropietatgirona.com\/es\/wp-json\/wp\/v2\/comments?post=5514"}],"version-history":[{"count":7,"href":"https:\/\/www.cambrapropietatgirona.com\/es\/wp-json\/wp\/v2\/pages\/5514\/revisions"}],"predecessor-version":[{"id":6187,"href":"https:\/\/www.cambrapropietatgirona.com\/es\/wp-json\/wp\/v2\/pages\/5514\/revisions\/6187"}],"wp:attachment":[{"href":"https:\/\/www.cambrapropietatgirona.com\/es\/wp-json\/wp\/v2\/media?parent=5514"}],"curies":[{"name":"wp","href":"https:\/\/api.w.org\/{rel}","templated":true}]}}