{"id":2938,"date":"2020-12-10T10:53:37","date_gmt":"2020-12-10T09:53:37","guid":{"rendered":"https:\/\/www.cambrapropietatgirona.com\/area-clients\/"},"modified":"2026-01-16T09:40:03","modified_gmt":"2026-01-16T08:40:03","slug":"area-clients","status":"publish","type":"page","link":"https:\/\/www.cambrapropietatgirona.com\/es\/area-clients\/","title":{"rendered":"\u00c1rea Clientes"},"content":{"rendered":"<p><code><\/code><\/p>\n<h1 style=\"text-align: center;\">\u00c1rea de clientes<\/h1>\n<p style=\"text-align: center;\">Los clientes de Administraci\u00f3n de Fincas de Alquiler y de Comunidades de la Cambra de la Propietat de Girona pueden acceder a su propia \u00e1rea privada mediante su usuario y clave.<\/p>\n<p style=\"text-align: center;\">Si usted a\u00fan no es un usuario registrado, es necesario que nos lo solicite pr\u00e9viamente clicando el bot\u00f3n indicado.<\/p>\n<p>&nbsp;<\/p>\n<p style=\"text-align: center;\"><a class=\"maxbutton-2 maxbutton maxbutton-alta-area-clients\" href=\"https:\/\/www.cambrapropietatgirona.com\/es\/area-clients\/alta-usuari-area-clients\/\"><span class='mb-text'>Solicitar usuario para acceder al area de clientes<\/span><\/a>\u00a0 \u00a0 \u00a0 \u00a0 \u00a0 \u00a0 \u00a0 <a class=\"maxbutton-1 maxbutton maxbutton-acces-area-clients\" href=\"https:\/\/cambrapropietatgirona.administraciononline.taaf.es\/#\/login\"><span class='mb-text'>Acceder al area de clientes. Ya soy usuario<\/span><\/a><\/p>\n","protected":false},"excerpt":{"rendered":"<p>\u00c1rea de clientes Los clientes de Administraci\u00f3n de Fincas de Alquiler y de Comunidades de la Cambra de la Propietat de Girona pueden acceder a su propia \u00e1rea privada mediante su usuario y clave. Si usted a\u00fan no es un usuario registrado, es necesario que nos lo solicite pr\u00e9viamente clicando el bot\u00f3n indicado. &nbsp; \u00a0 [&hellip;]<\/p>\n","protected":false},"author":1,"featured_media":6146,"parent":0,"menu_order":0,"comment_status":"closed","ping_status":"closed","template":"","meta":{"_acf_changed":false,"inline_featured_image":false,"disable_featured_image":false,"footnotes":""},"class_list":["post-2938","page","type-page","status-publish","has-post-thumbnail","hentry"],"acf":[],"yoast_head":"<!-- This site is optimized with the Yoast SEO plugin v27.4 - https:\/\/yoast.com\/product\/yoast-seo-wordpress\/ -->\n<title>\u00c1rea de clientes - Cambra - Cambra de la Propietat Urbana de Girona<\/title>\n<meta name=\"description\" content=\"Los clientes de Administraci\u00f3n de Fincas de Alquileres y de Comunidades de la Cambra pod\u00e9is acceder a vuestra \u00e1rea de clientes privada\" \/>\n<meta name=\"robots\" content=\"index, follow, max-snippet:-1, max-image-preview:large, max-video-preview:-1\" \/>\n<link rel=\"canonical\" href=\"https:\/\/www.cambrapropietatgirona.com\/es\/area-clients\/\" \/>\n<meta property=\"og:locale\" content=\"es_ES\" \/>\n<meta property=\"og:type\" content=\"article\" \/>\n<meta property=\"og:title\" content=\"\u00c1rea de clientes - Cambra - Cambra de la Propietat Urbana de Girona\" \/>\n<meta property=\"og:description\" content=\"Los clientes de Administraci\u00f3n de Fincas de Alquileres y de Comunidades de la Cambra pod\u00e9is acceder a vuestra \u00e1rea de clientes privada\" \/>\n<meta property=\"og:url\" content=\"https:\/\/www.cambrapropietatgirona.com\/es\/area-clients\/\" \/>\n<meta property=\"og:site_name\" content=\"Cambra de la Propietat Urbana de Girona\" \/>\n<meta property=\"article:modified_time\" content=\"2026-01-16T08:40:03+00:00\" \/>\n<meta property=\"og:image\" content=\"http:\/\/www.cambrapropietatgirona.com\/wp-content\/uploads\/2026\/01\/dealer-key-real-estate-agent-2026-01-08-06-09-25-utc-copia.jpg\" \/>\n\t<meta property=\"og:image:width\" content=\"868\" \/>\n\t<meta property=\"og:image:height\" content=\"579\" \/>\n\t<meta property=\"og:image:type\" content=\"image\/jpeg\" \/>\n<meta name=\"twitter:card\" content=\"summary_large_image\" \/>\n<meta name=\"twitter:label1\" content=\"Est. reading time\" \/>\n\t<meta name=\"twitter:data1\" content=\"1 minute\" \/>\n<script type=\"application\/ld+json\" class=\"yoast-schema-graph\">{\"@context\":\"https:\\\/\\\/schema.org\",\"@graph\":[{\"@type\":\"WebPage\",\"@id\":\"https:\\\/\\\/www.cambrapropietatgirona.com\\\/es\\\/area-clients\\\/\",\"url\":\"https:\\\/\\\/www.cambrapropietatgirona.com\\\/es\\\/area-clients\\\/\",\"name\":\"\u00c1rea de clientes - Cambra - Cambra de la Propietat Urbana de Girona\",\"isPartOf\":{\"@id\":\"https:\\\/\\\/www.cambrapropietatgirona.com\\\/#website\"},\"primaryImageOfPage\":{\"@id\":\"https:\\\/\\\/www.cambrapropietatgirona.com\\\/es\\\/area-clients\\\/#primaryimage\"},\"image\":{\"@id\":\"https:\\\/\\\/www.cambrapropietatgirona.com\\\/es\\\/area-clients\\\/#primaryimage\"},\"thumbnailUrl\":\"https:\\\/\\\/www.cambrapropietatgirona.com\\\/wp-content\\\/uploads\\\/2026\\\/01\\\/dealer-key-real-estate-agent-2026-01-08-06-09-25-utc-copia.jpg\",\"datePublished\":\"2020-12-10T09:53:37+00:00\",\"dateModified\":\"2026-01-16T08:40:03+00:00\",\"description\":\"Los clientes de Administraci\u00f3n de Fincas de Alquileres y de Comunidades de la Cambra pod\u00e9is acceder a vuestra \u00e1rea de clientes privada\",\"breadcrumb\":{\"@id\":\"https:\\\/\\\/www.cambrapropietatgirona.com\\\/es\\\/area-clients\\\/#breadcrumb\"},\"inLanguage\":\"es-ES\",\"potentialAction\":[{\"@type\":\"ReadAction\",\"target\":[\"https:\\\/\\\/www.cambrapropietatgirona.com\\\/es\\\/area-clients\\\/\"]}]},{\"@type\":\"ImageObject\",\"inLanguage\":\"es-ES\",\"@id\":\"https:\\\/\\\/www.cambrapropietatgirona.com\\\/es\\\/area-clients\\\/#primaryimage\",\"url\":\"https:\\\/\\\/www.cambrapropietatgirona.com\\\/wp-content\\\/uploads\\\/2026\\\/01\\\/dealer-key-real-estate-agent-2026-01-08-06-09-25-utc-copia.jpg\",\"contentUrl\":\"https:\\\/\\\/www.cambrapropietatgirona.com\\\/wp-content\\\/uploads\\\/2026\\\/01\\\/dealer-key-real-estate-agent-2026-01-08-06-09-25-utc-copia.jpg\",\"width\":868,\"height\":579,\"caption\":\"\u00c0rea de clients de la Cambra de la Propietat Urbana de Girona\"},{\"@type\":\"BreadcrumbList\",\"@id\":\"https:\\\/\\\/www.cambrapropietatgirona.com\\\/es\\\/area-clients\\\/#breadcrumb\",\"itemListElement\":[{\"@type\":\"ListItem\",\"position\":1,\"name\":\"Inici\",\"item\":\"https:\\\/\\\/www.cambrapropietatgirona.com\\\/\"},{\"@type\":\"ListItem\",\"position\":2,\"name\":\"\u00c1rea Clientes\"}]},{\"@type\":\"WebSite\",\"@id\":\"https:\\\/\\\/www.cambrapropietatgirona.com\\\/#website\",\"url\":\"https:\\\/\\\/www.cambrapropietatgirona.com\\\/\",\"name\":\"Cambra de la Propietat Urbana de Girona\",\"description\":\"Serveis immobiliaris integrals als propietaris\",\"publisher\":{\"@id\":\"https:\\\/\\\/www.cambrapropietatgirona.com\\\/#organization\"},\"potentialAction\":[{\"@type\":\"SearchAction\",\"target\":{\"@type\":\"EntryPoint\",\"urlTemplate\":\"https:\\\/\\\/www.cambrapropietatgirona.com\\\/?s={search_term_string}\"},\"query-input\":{\"@type\":\"PropertyValueSpecification\",\"valueRequired\":true,\"valueName\":\"search_term_string\"}}],\"inLanguage\":\"es-ES\"},{\"@type\":\"Organization\",\"@id\":\"https:\\\/\\\/www.cambrapropietatgirona.com\\\/#organization\",\"name\":\"Cambra de la Propietat Urbana de Girona\",\"url\":\"https:\\\/\\\/www.cambrapropietatgirona.com\\\/\",\"logo\":{\"@type\":\"ImageObject\",\"inLanguage\":\"es-ES\",\"@id\":\"https:\\\/\\\/www.cambrapropietatgirona.com\\\/#\\\/schema\\\/logo\\\/image\\\/\",\"url\":\"https:\\\/\\\/www.cambrapropietatgirona.com\\\/wp-content\\\/uploads\\\/2018\\\/01\\\/favicon.jpg\",\"contentUrl\":\"https:\\\/\\\/www.cambrapropietatgirona.com\\\/wp-content\\\/uploads\\\/2018\\\/01\\\/favicon.jpg\",\"width\":277,\"height\":269,\"caption\":\"Cambra de la Propietat Urbana de Girona\"},\"image\":{\"@id\":\"https:\\\/\\\/www.cambrapropietatgirona.com\\\/#\\\/schema\\\/logo\\\/image\\\/\"}}]}<\/script>\n<!-- \/ Yoast SEO plugin. -->","yoast_head_json":{"title":"\u00c1rea de clientes - Cambra - Cambra de la Propietat Urbana de Girona","description":"Los clientes de Administraci\u00f3n de Fincas de Alquileres y de Comunidades de la Cambra pod\u00e9is acceder a vuestra \u00e1rea de clientes privada","robots":{"index":"index","follow":"follow","max-snippet":"max-snippet:-1","max-image-preview":"max-image-preview:large","max-video-preview":"max-video-preview:-1"},"canonical":"https:\/\/www.cambrapropietatgirona.com\/es\/area-clients\/","og_locale":"es_ES","og_type":"article","og_title":"\u00c1rea de clientes - Cambra - Cambra de la Propietat Urbana de Girona","og_description":"Los clientes de Administraci\u00f3n de Fincas de Alquileres y de Comunidades de la Cambra pod\u00e9is acceder a vuestra \u00e1rea de clientes privada","og_url":"https:\/\/www.cambrapropietatgirona.com\/es\/area-clients\/","og_site_name":"Cambra de la Propietat Urbana de Girona","article_modified_time":"2026-01-16T08:40:03+00:00","og_image":[{"width":868,"height":579,"url":"http:\/\/www.cambrapropietatgirona.com\/wp-content\/uploads\/2026\/01\/dealer-key-real-estate-agent-2026-01-08-06-09-25-utc-copia.jpg","type":"image\/jpeg"}],"twitter_card":"summary_large_image","twitter_misc":{"Est. reading time":"1 minute"},"schema":{"@context":"https:\/\/schema.org","@graph":[{"@type":"WebPage","@id":"https:\/\/www.cambrapropietatgirona.com\/es\/area-clients\/","url":"https:\/\/www.cambrapropietatgirona.com\/es\/area-clients\/","name":"\u00c1rea de clientes - Cambra - Cambra de la Propietat Urbana de Girona","isPartOf":{"@id":"https:\/\/www.cambrapropietatgirona.com\/#website"},"primaryImageOfPage":{"@id":"https:\/\/www.cambrapropietatgirona.com\/es\/area-clients\/#primaryimage"},"image":{"@id":"https:\/\/www.cambrapropietatgirona.com\/es\/area-clients\/#primaryimage"},"thumbnailUrl":"https:\/\/www.cambrapropietatgirona.com\/wp-content\/uploads\/2026\/01\/dealer-key-real-estate-agent-2026-01-08-06-09-25-utc-copia.jpg","datePublished":"2020-12-10T09:53:37+00:00","dateModified":"2026-01-16T08:40:03+00:00","description":"Los clientes de Administraci\u00f3n de Fincas de Alquileres y de Comunidades de la Cambra pod\u00e9is acceder a vuestra \u00e1rea de clientes privada","breadcrumb":{"@id":"https:\/\/www.cambrapropietatgirona.com\/es\/area-clients\/#breadcrumb"},"inLanguage":"es-ES","potentialAction":[{"@type":"ReadAction","target":["https:\/\/www.cambrapropietatgirona.com\/es\/area-clients\/"]}]},{"@type":"ImageObject","inLanguage":"es-ES","@id":"https:\/\/www.cambrapropietatgirona.com\/es\/area-clients\/#primaryimage","url":"https:\/\/www.cambrapropietatgirona.com\/wp-content\/uploads\/2026\/01\/dealer-key-real-estate-agent-2026-01-08-06-09-25-utc-copia.jpg","contentUrl":"https:\/\/www.cambrapropietatgirona.com\/wp-content\/uploads\/2026\/01\/dealer-key-real-estate-agent-2026-01-08-06-09-25-utc-copia.jpg","width":868,"height":579,"caption":"\u00c0rea de clients de la Cambra de la Propietat Urbana de Girona"},{"@type":"BreadcrumbList","@id":"https:\/\/www.cambrapropietatgirona.com\/es\/area-clients\/#breadcrumb","itemListElement":[{"@type":"ListItem","position":1,"name":"Inici","item":"https:\/\/www.cambrapropietatgirona.com\/"},{"@type":"ListItem","position":2,"name":"\u00c1rea Clientes"}]},{"@type":"WebSite","@id":"https:\/\/www.cambrapropietatgirona.com\/#website","url":"https:\/\/www.cambrapropietatgirona.com\/","name":"Cambra de la Propietat Urbana de Girona","description":"Serveis immobiliaris integrals als propietaris","publisher":{"@id":"https:\/\/www.cambrapropietatgirona.com\/#organization"},"potentialAction":[{"@type":"SearchAction","target":{"@type":"EntryPoint","urlTemplate":"https:\/\/www.cambrapropietatgirona.com\/?s={search_term_string}"},"query-input":{"@type":"PropertyValueSpecification","valueRequired":true,"valueName":"search_term_string"}}],"inLanguage":"es-ES"},{"@type":"Organization","@id":"https:\/\/www.cambrapropietatgirona.com\/#organization","name":"Cambra de la Propietat Urbana de Girona","url":"https:\/\/www.cambrapropietatgirona.com\/","logo":{"@type":"ImageObject","inLanguage":"es-ES","@id":"https:\/\/www.cambrapropietatgirona.com\/#\/schema\/logo\/image\/","url":"https:\/\/www.cambrapropietatgirona.com\/wp-content\/uploads\/2018\/01\/favicon.jpg","contentUrl":"https:\/\/www.cambrapropietatgirona.com\/wp-content\/uploads\/2018\/01\/favicon.jpg","width":277,"height":269,"caption":"Cambra de la Propietat Urbana de Girona"},"image":{"@id":"https:\/\/www.cambrapropietatgirona.com\/#\/schema\/logo\/image\/"}}]}},"_links":{"self":[{"href":"https:\/\/www.cambrapropietatgirona.com\/es\/wp-json\/wp\/v2\/pages\/2938","targetHints":{"allow":["GET"]}}],"collection":[{"href":"https:\/\/www.cambrapropietatgirona.com\/es\/wp-json\/wp\/v2\/pages"}],"about":[{"href":"https:\/\/www.cambrapropietatgirona.com\/es\/wp-json\/wp\/v2\/types\/page"}],"author":[{"embeddable":true,"href":"https:\/\/www.cambrapropietatgirona.com\/es\/wp-json\/wp\/v2\/users\/1"}],"replies":[{"embeddable":true,"href":"https:\/\/www.cambrapropietatgirona.com\/es\/wp-json\/wp\/v2\/comments?post=2938"}],"version-history":[{"count":4,"href":"https:\/\/www.cambrapropietatgirona.com\/es\/wp-json\/wp\/v2\/pages\/2938\/revisions"}],"predecessor-version":[{"id":2948,"href":"https:\/\/www.cambrapropietatgirona.com\/es\/wp-json\/wp\/v2\/pages\/2938\/revisions\/2948"}],"wp:featuredmedia":[{"embeddable":true,"href":"https:\/\/www.cambrapropietatgirona.com\/es\/wp-json\/wp\/v2\/media\/6146"}],"wp:attachment":[{"href":"https:\/\/www.cambrapropietatgirona.com\/es\/wp-json\/wp\/v2\/media?parent=2938"}],"curies":[{"name":"wp","href":"https:\/\/api.w.org\/{rel}","templated":true}]}}