{"id":1034,"date":"2017-12-11T08:32:07","date_gmt":"2017-12-11T07:32:07","guid":{"rendered":"http:\/\/novaweb.propigest.com\/?page_id=1034"},"modified":"2026-01-16T09:06:18","modified_gmt":"2026-01-16T08:06:18","slug":"agencia-immobiliaria","status":"publish","type":"page","link":"https:\/\/www.cambrapropietatgirona.com\/es\/agencia-immobiliaria\/","title":{"rendered":"Agencia Inmobiliaria"},"content":{"rendered":"<h1 class=\"p1\">Agencia Inmobiliaria<\/h1>\n<h2 class=\"p1\">Confia la venta de tu inmueble a una entidad de prestigio y confianza.\u00a0Somos tu garantia<\/h2>\n<p class=\"p1\"><strong>Vende tu inmueble con la\u00a0seguridad que da estar en manos de un equipo de profesionales formado por abogados, arquitectos, asesores y Comerciales inmobiliarios.<\/strong><\/p>\n<p style=\"text-align: right;\">Registro de Agentes inmobiliarios de Catalunya<br \/>\naicat 4488<\/p>\n<p class=\"p1\">Gestionamos la venta de su vivienda de forma met\u00f2dica y eficiente, el proceso se tutela desde todos los \u00e1ngulos, Comercial, Jur\u00eddico y T\u00e9cnico.<\/p>\n<p class=\"p1\">Disponemos de un servicio de asesor\u00eda\u00a0jur\u00eddica, Servicios t\u00e9cnicos de la edificaci\u00f3n, administraci\u00f3n de alquileres y de comunidades de propietarios, ventas, seguros de alquileres y comunidades.<\/p>\n<div class=\"llistat\">\n<h3>Comercial<\/h3>\n<ul>\n<li>Nuestro equipo de asesores inmobiliarios har\u00e1 una tasaci\u00f3n exacta de su inmueble, nos basamos en una extensa y precisa informaci\u00f3n del mercado y con nuestra experiencia professional.<\/li>\n<li>Dise\u00f1aremos el plan comercial adecuado para su inmueble. Reportaje fotogr\u00e1fico y dossier de presentaci\u00f3n. Lo publicaremos en nuestra web y en los principales portales inmobiliarios.<\/li>\n<li>Los consultores Comerciales de la Cambra, recibir\u00e1n a los posibles compradores, les informar\u00e1n y los acompa\u00f1ar\u00e1n a las visitas, adem\u00e1s de resolver todas las dudas que se planteen.<\/li>\n<li>Mantendremos permanentemente informado al propietario de las acciones comerciales hasta el cierre de la operaci\u00f3n.<\/li>\n<\/ul>\n<\/div>\n<div class=\"llistat\">\n<h3><\/h3>\n<h3>Jur\u00eddico<\/h3>\n<ul>\n<li>Los abogados de la Cambra supervisan previamente la documentaci\u00f3n jur\u00eddica, y si es necesario la urban\u00edstica, del inmueble para detectar y en su caso resolver posibles incidencias.<\/li>\n<li>Tambi\u00e9n se encargar\u00e1n de preparar la gesti\u00f3n legal de la compra-venta: contratos de arras, escritura p\u00fablica y otros aspectos legales que puedan surgir.<\/li>\n<li>En todo momento resolver\u00e1n las dudas jur\u00eddicas que puedan plantear tanto la parte vendedora como la parte compradora.<\/li>\n<\/ul>\n<\/div>\n<div class=\"llistat\">\n<h3><\/h3>\n<h3>T\u00e9cnico<\/h3>\n<ul>\n<li>Los arquitectos y aparejadores de la oficina t\u00e9cnica de \u00a0la Cambra est\u00e1n a disposici\u00f3n tanto del comprador como del vendedor para evaluar el estado f\u00edsico del inmueble y\/o para proponer aquellas reformas que puedan transformar su vivienda\u00a0(hiperlink a Reformar i Llogar).<\/li>\n<li>Nuestros t\u00e9cnicos le pueden facilitar la documentaci\u00f3n t\u00e9cnica obligatoria para poner su vivienda en venta, C\u00e9dula de habitabilidad y\u00a0el Certificado de Eficiencia Energ\u00e9tica (CEE ).<\/li>\n<li>Tambi\u00e9n le pueden proporcionar otros documentos que ocasionalmente se puedan precisar como\u00a0Certificado\u00a0de final de obra, certificado\u00a0de superf\u00edcie del inmueble, Georeferenciaci\u00f3n catastral, entre otros.<\/li>\n<\/ul>\n<\/div>\n<div class=\"llistat\">\n<h3><\/h3>\n<h3>Flujo de Trabajo<\/h3>\n<p>Adem\u00e1s, los propietarios que nos confien la venta de su inmueble con exclusividad, por el per\u00edodo de un a\u00f1o y, por el mejor precio determinado por los asesores comerciales de la Cambra, disfrutan de las siguientes ventajas:<\/p>\n<ul>\n<li>C\u00e9dula de habilitabilidad, sin cargo.<\/li>\n<li>Certificado de Eficiencia Energ\u00e9tica (CEE), sin cargo.<\/li>\n<li>Reducci\u00f3n de los honorarios de la gesti\u00f3n de la venta.<\/li>\n<li>Publicaciones preferentes en los principales portales immobiliarios.<\/li>\n<\/ul>\n<\/div>\n<p><!-- Segment Pixel - pixel_rt_web_mailing_AE_cambra_propietat_girona_abr-jul18 - DO NOT MODIFY --><br \/>\n<img loading=\"lazy\" decoding=\"async\" src=\"https:\/\/secure.adnxs.com\/seg?add=12280922&amp;t=2\" width=\"1\" height=\"1\" \/><br \/>\n<!-- End of Segment Pixel --><\/p>\n","protected":false},"excerpt":{"rendered":"<p>Agencia Inmobiliaria Confia la venta de tu inmueble a una entidad de prestigio y confianza.\u00a0Somos tu garantia Vende tu inmueble con la\u00a0seguridad que da estar en manos de un equipo de profesionales formado por abogados, arquitectos, asesores y Comerciales inmobiliarios. Registro de Agentes inmobiliarios de Catalunya aicat 4488 Gestionamos la venta de su vivienda de [&hellip;]<\/p>\n","protected":false},"author":1,"featured_media":4811,"parent":0,"menu_order":0,"comment_status":"closed","ping_status":"closed","template":"page-finques.php","meta":{"_acf_changed":false,"inline_featured_image":false,"disable_featured_image":false,"footnotes":""},"class_list":["post-1034","page","type-page","status-publish","has-post-thumbnail","hentry"],"acf":[],"yoast_head":"<!-- This site is optimized with the Yoast SEO plugin v27.4 - https:\/\/yoast.com\/product\/yoast-seo-wordpress\/ -->\n<title>Agencia Inmobiliaria - Cambra de la Propietat Urbana de Girona<\/title>\n<meta name=\"description\" content=\"Agencia inmobiliaria: vende tu inmueble con la certeza de estar en manos de un grupo de profesionales (abogados, arquitectos, asesores...)\" \/>\n<meta name=\"robots\" content=\"index, follow, max-snippet:-1, max-image-preview:large, max-video-preview:-1\" \/>\n<link rel=\"canonical\" href=\"https:\/\/www.cambrapropietatgirona.com\/es\/agencia-immobiliaria\/\" \/>\n<meta property=\"og:locale\" content=\"es_ES\" \/>\n<meta property=\"og:type\" content=\"article\" \/>\n<meta property=\"og:title\" content=\"Agencia Inmobiliaria - Cambra de la Propietat Urbana de Girona\" \/>\n<meta property=\"og:description\" content=\"Agencia inmobiliaria: vende tu inmueble con la certeza de estar en manos de un grupo de profesionales (abogados, arquitectos, asesores...)\" \/>\n<meta property=\"og:url\" content=\"https:\/\/www.cambrapropietatgirona.com\/es\/agencia-immobiliaria\/\" \/>\n<meta property=\"og:site_name\" content=\"Cambra de la Propietat Urbana de Girona\" \/>\n<meta property=\"article:modified_time\" content=\"2026-01-16T08:06:18+00:00\" \/>\n<meta property=\"og:image\" content=\"http:\/\/www.cambrapropietatgirona.com\/wp-content\/uploads\/2024\/02\/agencia-immobiliaria.jpg\" \/>\n\t<meta property=\"og:image:width\" content=\"640\" \/>\n\t<meta property=\"og:image:height\" content=\"640\" \/>\n\t<meta property=\"og:image:type\" content=\"image\/jpeg\" \/>\n<meta name=\"twitter:card\" content=\"summary_large_image\" \/>\n<meta name=\"twitter:label1\" content=\"Est. reading time\" \/>\n\t<meta name=\"twitter:data1\" content=\"3 minutes\" \/>\n<script type=\"application\/ld+json\" class=\"yoast-schema-graph\">{\"@context\":\"https:\\\/\\\/schema.org\",\"@graph\":[{\"@type\":\"WebPage\",\"@id\":\"https:\\\/\\\/www.cambrapropietatgirona.com\\\/es\\\/agencia-immobiliaria\\\/\",\"url\":\"https:\\\/\\\/www.cambrapropietatgirona.com\\\/es\\\/agencia-immobiliaria\\\/\",\"name\":\"Agencia Inmobiliaria - Cambra de la Propietat Urbana de Girona\",\"isPartOf\":{\"@id\":\"https:\\\/\\\/www.cambrapropietatgirona.com\\\/#website\"},\"primaryImageOfPage\":{\"@id\":\"https:\\\/\\\/www.cambrapropietatgirona.com\\\/es\\\/agencia-immobiliaria\\\/#primaryimage\"},\"image\":{\"@id\":\"https:\\\/\\\/www.cambrapropietatgirona.com\\\/es\\\/agencia-immobiliaria\\\/#primaryimage\"},\"thumbnailUrl\":\"https:\\\/\\\/www.cambrapropietatgirona.com\\\/wp-content\\\/uploads\\\/2024\\\/02\\\/agencia-immobiliaria.jpg\",\"datePublished\":\"2017-12-11T07:32:07+00:00\",\"dateModified\":\"2026-01-16T08:06:18+00:00\",\"description\":\"Agencia inmobiliaria: vende tu inmueble con la certeza de estar en manos de un grupo de profesionales (abogados, arquitectos, asesores...)\",\"breadcrumb\":{\"@id\":\"https:\\\/\\\/www.cambrapropietatgirona.com\\\/es\\\/agencia-immobiliaria\\\/#breadcrumb\"},\"inLanguage\":\"es-ES\",\"potentialAction\":[{\"@type\":\"ReadAction\",\"target\":[\"https:\\\/\\\/www.cambrapropietatgirona.com\\\/es\\\/agencia-immobiliaria\\\/\"]}]},{\"@type\":\"ImageObject\",\"inLanguage\":\"es-ES\",\"@id\":\"https:\\\/\\\/www.cambrapropietatgirona.com\\\/es\\\/agencia-immobiliaria\\\/#primaryimage\",\"url\":\"https:\\\/\\\/www.cambrapropietatgirona.com\\\/wp-content\\\/uploads\\\/2024\\\/02\\\/agencia-immobiliaria.jpg\",\"contentUrl\":\"https:\\\/\\\/www.cambrapropietatgirona.com\\\/wp-content\\\/uploads\\\/2024\\\/02\\\/agencia-immobiliaria.jpg\",\"width\":640,\"height\":640,\"caption\":\"Ag\u00e8ncia immobili\u00e0ria: gestionem la venda del teu habitatge de forma met\u00f2dica i eficient\"},{\"@type\":\"BreadcrumbList\",\"@id\":\"https:\\\/\\\/www.cambrapropietatgirona.com\\\/es\\\/agencia-immobiliaria\\\/#breadcrumb\",\"itemListElement\":[{\"@type\":\"ListItem\",\"position\":1,\"name\":\"Inici\",\"item\":\"https:\\\/\\\/www.cambrapropietatgirona.com\\\/\"},{\"@type\":\"ListItem\",\"position\":2,\"name\":\"Agencia Inmobiliaria\"}]},{\"@type\":\"WebSite\",\"@id\":\"https:\\\/\\\/www.cambrapropietatgirona.com\\\/#website\",\"url\":\"https:\\\/\\\/www.cambrapropietatgirona.com\\\/\",\"name\":\"Cambra de la Propietat Urbana de Girona\",\"description\":\"Serveis immobiliaris integrals als propietaris\",\"publisher\":{\"@id\":\"https:\\\/\\\/www.cambrapropietatgirona.com\\\/#organization\"},\"potentialAction\":[{\"@type\":\"SearchAction\",\"target\":{\"@type\":\"EntryPoint\",\"urlTemplate\":\"https:\\\/\\\/www.cambrapropietatgirona.com\\\/?s={search_term_string}\"},\"query-input\":{\"@type\":\"PropertyValueSpecification\",\"valueRequired\":true,\"valueName\":\"search_term_string\"}}],\"inLanguage\":\"es-ES\"},{\"@type\":\"Organization\",\"@id\":\"https:\\\/\\\/www.cambrapropietatgirona.com\\\/#organization\",\"name\":\"Cambra de la Propietat Urbana de Girona\",\"url\":\"https:\\\/\\\/www.cambrapropietatgirona.com\\\/\",\"logo\":{\"@type\":\"ImageObject\",\"inLanguage\":\"es-ES\",\"@id\":\"https:\\\/\\\/www.cambrapropietatgirona.com\\\/#\\\/schema\\\/logo\\\/image\\\/\",\"url\":\"https:\\\/\\\/www.cambrapropietatgirona.com\\\/wp-content\\\/uploads\\\/2018\\\/01\\\/favicon.jpg\",\"contentUrl\":\"https:\\\/\\\/www.cambrapropietatgirona.com\\\/wp-content\\\/uploads\\\/2018\\\/01\\\/favicon.jpg\",\"width\":277,\"height\":269,\"caption\":\"Cambra de la Propietat Urbana de Girona\"},\"image\":{\"@id\":\"https:\\\/\\\/www.cambrapropietatgirona.com\\\/#\\\/schema\\\/logo\\\/image\\\/\"}}]}<\/script>\n<!-- \/ Yoast SEO plugin. -->","yoast_head_json":{"title":"Agencia Inmobiliaria - Cambra de la Propietat Urbana de Girona","description":"Agencia inmobiliaria: vende tu inmueble con la certeza de estar en manos de un grupo de profesionales (abogados, arquitectos, asesores...)","robots":{"index":"index","follow":"follow","max-snippet":"max-snippet:-1","max-image-preview":"max-image-preview:large","max-video-preview":"max-video-preview:-1"},"canonical":"https:\/\/www.cambrapropietatgirona.com\/es\/agencia-immobiliaria\/","og_locale":"es_ES","og_type":"article","og_title":"Agencia Inmobiliaria - Cambra de la Propietat Urbana de Girona","og_description":"Agencia inmobiliaria: vende tu inmueble con la certeza de estar en manos de un grupo de profesionales (abogados, arquitectos, asesores...)","og_url":"https:\/\/www.cambrapropietatgirona.com\/es\/agencia-immobiliaria\/","og_site_name":"Cambra de la Propietat Urbana de Girona","article_modified_time":"2026-01-16T08:06:18+00:00","og_image":[{"width":640,"height":640,"url":"http:\/\/www.cambrapropietatgirona.com\/wp-content\/uploads\/2024\/02\/agencia-immobiliaria.jpg","type":"image\/jpeg"}],"twitter_card":"summary_large_image","twitter_misc":{"Est. reading time":"3 minutes"},"schema":{"@context":"https:\/\/schema.org","@graph":[{"@type":"WebPage","@id":"https:\/\/www.cambrapropietatgirona.com\/es\/agencia-immobiliaria\/","url":"https:\/\/www.cambrapropietatgirona.com\/es\/agencia-immobiliaria\/","name":"Agencia Inmobiliaria - Cambra de la Propietat Urbana de Girona","isPartOf":{"@id":"https:\/\/www.cambrapropietatgirona.com\/#website"},"primaryImageOfPage":{"@id":"https:\/\/www.cambrapropietatgirona.com\/es\/agencia-immobiliaria\/#primaryimage"},"image":{"@id":"https:\/\/www.cambrapropietatgirona.com\/es\/agencia-immobiliaria\/#primaryimage"},"thumbnailUrl":"https:\/\/www.cambrapropietatgirona.com\/wp-content\/uploads\/2024\/02\/agencia-immobiliaria.jpg","datePublished":"2017-12-11T07:32:07+00:00","dateModified":"2026-01-16T08:06:18+00:00","description":"Agencia inmobiliaria: vende tu inmueble con la certeza de estar en manos de un grupo de profesionales (abogados, arquitectos, asesores...)","breadcrumb":{"@id":"https:\/\/www.cambrapropietatgirona.com\/es\/agencia-immobiliaria\/#breadcrumb"},"inLanguage":"es-ES","potentialAction":[{"@type":"ReadAction","target":["https:\/\/www.cambrapropietatgirona.com\/es\/agencia-immobiliaria\/"]}]},{"@type":"ImageObject","inLanguage":"es-ES","@id":"https:\/\/www.cambrapropietatgirona.com\/es\/agencia-immobiliaria\/#primaryimage","url":"https:\/\/www.cambrapropietatgirona.com\/wp-content\/uploads\/2024\/02\/agencia-immobiliaria.jpg","contentUrl":"https:\/\/www.cambrapropietatgirona.com\/wp-content\/uploads\/2024\/02\/agencia-immobiliaria.jpg","width":640,"height":640,"caption":"Ag\u00e8ncia immobili\u00e0ria: gestionem la venda del teu habitatge de forma met\u00f2dica i eficient"},{"@type":"BreadcrumbList","@id":"https:\/\/www.cambrapropietatgirona.com\/es\/agencia-immobiliaria\/#breadcrumb","itemListElement":[{"@type":"ListItem","position":1,"name":"Inici","item":"https:\/\/www.cambrapropietatgirona.com\/"},{"@type":"ListItem","position":2,"name":"Agencia Inmobiliaria"}]},{"@type":"WebSite","@id":"https:\/\/www.cambrapropietatgirona.com\/#website","url":"https:\/\/www.cambrapropietatgirona.com\/","name":"Cambra de la Propietat Urbana de Girona","description":"Serveis immobiliaris integrals als propietaris","publisher":{"@id":"https:\/\/www.cambrapropietatgirona.com\/#organization"},"potentialAction":[{"@type":"SearchAction","target":{"@type":"EntryPoint","urlTemplate":"https:\/\/www.cambrapropietatgirona.com\/?s={search_term_string}"},"query-input":{"@type":"PropertyValueSpecification","valueRequired":true,"valueName":"search_term_string"}}],"inLanguage":"es-ES"},{"@type":"Organization","@id":"https:\/\/www.cambrapropietatgirona.com\/#organization","name":"Cambra de la Propietat Urbana de Girona","url":"https:\/\/www.cambrapropietatgirona.com\/","logo":{"@type":"ImageObject","inLanguage":"es-ES","@id":"https:\/\/www.cambrapropietatgirona.com\/#\/schema\/logo\/image\/","url":"https:\/\/www.cambrapropietatgirona.com\/wp-content\/uploads\/2018\/01\/favicon.jpg","contentUrl":"https:\/\/www.cambrapropietatgirona.com\/wp-content\/uploads\/2018\/01\/favicon.jpg","width":277,"height":269,"caption":"Cambra de la Propietat Urbana de Girona"},"image":{"@id":"https:\/\/www.cambrapropietatgirona.com\/#\/schema\/logo\/image\/"}}]}},"_links":{"self":[{"href":"https:\/\/www.cambrapropietatgirona.com\/es\/wp-json\/wp\/v2\/pages\/1034","targetHints":{"allow":["GET"]}}],"collection":[{"href":"https:\/\/www.cambrapropietatgirona.com\/es\/wp-json\/wp\/v2\/pages"}],"about":[{"href":"https:\/\/www.cambrapropietatgirona.com\/es\/wp-json\/wp\/v2\/types\/page"}],"author":[{"embeddable":true,"href":"https:\/\/www.cambrapropietatgirona.com\/es\/wp-json\/wp\/v2\/users\/1"}],"replies":[{"embeddable":true,"href":"https:\/\/www.cambrapropietatgirona.com\/es\/wp-json\/wp\/v2\/comments?post=1034"}],"version-history":[{"count":11,"href":"https:\/\/www.cambrapropietatgirona.com\/es\/wp-json\/wp\/v2\/pages\/1034\/revisions"}],"predecessor-version":[{"id":6186,"href":"https:\/\/www.cambrapropietatgirona.com\/es\/wp-json\/wp\/v2\/pages\/1034\/revisions\/6186"}],"wp:featuredmedia":[{"embeddable":true,"href":"https:\/\/www.cambrapropietatgirona.com\/es\/wp-json\/wp\/v2\/media\/4811"}],"wp:attachment":[{"href":"https:\/\/www.cambrapropietatgirona.com\/es\/wp-json\/wp\/v2\/media?parent=1034"}],"curies":[{"name":"wp","href":"https:\/\/api.w.org\/{rel}","templated":true}]}}